{"id":8058,"date":"2025-10-26T11:28:03","date_gmt":"2025-10-26T10:28:03","guid":{"rendered":"https:\/\/beautyproject.ch\/?post_type=product&#038;p=8058"},"modified":"2025-10-26T11:31:07","modified_gmt":"2025-10-26T10:31:07","slug":"kinetics-lotion-pour-les-mains-et-le-corps-poivre-de-sichuan-cedre-250ml-copia","status":"publish","type":"product","link":"https:\/\/beautyproject.ch\/fr\/prodotto\/kinetics-lotion-pour-les-mains-et-le-corps-poivre-de-sichuan-cedre-250ml-copia\/","title":{"rendered":"KINETICS Lotion pour les mains et le corps Orange sicilienne &amp; Ambre 250ml"},"content":{"rendered":"<p>Parfum : Orange sicilienne et ambre<\/p>\n<p>Lotion parfum\u00e9e de texture ultra-l\u00e9g\u00e8re enrichie en beurre de karit\u00e9, vitamine E et huiles essentielles de Grasse, France. Hydratation 24 heures sur 24 <\/p>\n<p><strong>PARFUM<\/strong><\/p>\n<p>Un parfum oriental doux \u00e0 porter au quotidien, qui surprend par ses notes de t\u00eate rafra\u00eechissantes d&#8217;orange de Sicile et de citron. Les notes de c\u0153ur sucr\u00e9es et fruit\u00e9es du jasmin et de la fraise sont compl\u00e9t\u00e9es par une base chaude de musc blanc, d&#8217;ambre et de vanille. <\/p>\n<p><strong>Notes de t\u00eate<\/strong>: orange de Sicile, bergamote de Calabre, citron de Sicile.<\/p>\n<p><strong>Notes de c\u0153ur<\/strong>: Jasmin, Pomme, P\u00eache, Fraise<\/p>\n<p><strong>Notes de fond<\/strong>: Musc blanc, ambre, vanille, f\u00e8ve tonka, caramel.<\/p>\n<p><strong>Famille olfactive<\/strong>: Frais<\/p>\n<p>&nbsp;<\/p>\n<p><strong>UTILISER<\/strong><\/p>\n<p>Appliquer et masser les paumes et les bras une \u00e0 deux fois par jour. Si n\u00e9cessaire, appliquez plus souvent. La lotion parfum\u00e9e peut \u00eatre utilis\u00e9e sur tout le corps.  <\/p>\n","protected":false},"excerpt":{"rendered":"<p>Lotion parfum\u00e9e de texture ultra-l\u00e9g\u00e8re enrichie en beurre de karit\u00e9, vitamine E et huiles essentielles de Grasse, France.<\/p>\n<p>250mL<\/p>\n","protected":false},"featured_media":8061,"template":"","meta":{"_acf_changed":false,"_seopress_robots_primary_cat":"none","_seopress_titles_title":"","_seopress_titles_desc":"","_seopress_robots_index":"","_seopress_analysis_target_kw":""},"product_brand":[],"product_cat":[95],"product_tag":[],"class_list":{"0":"post-8058","1":"product","2":"type-product","3":"status-publish","4":"has-post-thumbnail","6":"product_cat-skin-care-fr","8":"first","9":"instock","10":"taxable","11":"shipping-taxable","12":"purchasable","13":"product-type-simple"},"acf":[],"jetpack_sharing_enabled":true,"_links":{"self":[{"href":"https:\/\/beautyproject.ch\/fr\/wp-json\/wp\/v2\/product\/8058","targetHints":{"allow":["GET"]}}],"collection":[{"href":"https:\/\/beautyproject.ch\/fr\/wp-json\/wp\/v2\/product"}],"about":[{"href":"https:\/\/beautyproject.ch\/fr\/wp-json\/wp\/v2\/types\/product"}],"wp:featuredmedia":[{"embeddable":true,"href":"https:\/\/beautyproject.ch\/fr\/wp-json\/wp\/v2\/media\/8061"}],"wp:attachment":[{"href":"https:\/\/beautyproject.ch\/fr\/wp-json\/wp\/v2\/media?parent=8058"}],"wp:term":[{"taxonomy":"product_brand","embeddable":true,"href":"https:\/\/beautyproject.ch\/fr\/wp-json\/wp\/v2\/product_brand?post=8058"},{"taxonomy":"product_cat","embeddable":true,"href":"https:\/\/beautyproject.ch\/fr\/wp-json\/wp\/v2\/product_cat?post=8058"},{"taxonomy":"product_tag","embeddable":true,"href":"https:\/\/beautyproject.ch\/fr\/wp-json\/wp\/v2\/product_tag?post=8058"}],"curies":[{"name":"wp","href":"https:\/\/api.w.org\/{rel}","templated":true}]}}