{"id":7505,"date":"2024-10-21T08:44:18","date_gmt":"2024-10-21T06:44:18","guid":{"rendered":"https:\/\/beautyproject.ch\/prodotto\/kinetics-orange-blossomginger-lotion-950-ml\/"},"modified":"2025-05-08T15:24:44","modified_gmt":"2025-05-08T13:24:44","slug":"kinetics-orange-blossomginger-lotion-950-ml","status":"publish","type":"product","link":"https:\/\/beautyproject.ch\/fr\/prodotto\/kinetics-orange-blossomginger-lotion-950-ml\/","title":{"rendered":"Kinetics Orange Blossom&amp;Ginger Lotion 950 ml"},"content":{"rendered":"<p>Parfum : Fleur d&#8217;oranger et gingembre<\/p>\n<p>Lotion parfum\u00e9e de texture ultra-l\u00e9g\u00e8re enrichie en beurre de karit\u00e9, vitamine E et huiles essentielles de Grasse, France. Hydratation 24 heures sur 24 <\/p>\n<p><strong>PARFUM<\/strong><\/p>\n<p>Un parfum rafra\u00eechissant avec des notes de t\u00eate de fleur d&#8217;oranger et de gingembre \u00e9pic\u00e9 en c\u0153ur. Avec le c\u00e8dre et le musc blanc en fond, ce parfum combine des notes sucr\u00e9es et \u00e9pic\u00e9es avec une note bois\u00e9e qui convient \u00e0 toutes les occasions. <\/p>\n<p><strong>Notes de t\u00eate<\/strong>: fleur d&#8217;oranger.<\/p>\n<p><strong>Notes de c\u0153ur<\/strong>: Gingembre.<\/p>\n<p><strong>Notes de fond<\/strong>: c\u00e8dre, musc blanc.<\/p>\n<p><strong>Famille olfactive<\/strong>: Frais<\/p>\n<p><strong>UTILISER<\/strong><\/p>\n<p>Appliquer et masser les paumes et les bras une \u00e0 deux fois par jour. Si n\u00e9cessaire, appliquez plus souvent. La lotion parfum\u00e9e peut \u00eatre utilis\u00e9e sur tout le corps.  <\/p>\n","protected":false},"excerpt":{"rendered":"<p>Lotion parfum\u00e9e de texture ultra-l\u00e9g\u00e8re enrichie en beurre de karit\u00e9, vitamine E et huiles essentielles de Grasse, France.<\/p>\n<p>950mL<\/p>\n","protected":false},"featured_media":4693,"template":"","meta":{"_acf_changed":false,"_seopress_robots_primary_cat":"","_seopress_titles_title":"","_seopress_titles_desc":"","_seopress_robots_index":"","_seopress_analysis_target_kw":""},"product_brand":[],"product_cat":[95],"product_tag":[],"class_list":{"0":"post-7505","1":"product","2":"type-product","3":"status-publish","4":"has-post-thumbnail","6":"product_cat-skin-care-fr","8":"first","9":"instock","10":"taxable","11":"shipping-taxable","12":"purchasable","13":"product-type-simple"},"acf":[],"jetpack_sharing_enabled":true,"_links":{"self":[{"href":"https:\/\/beautyproject.ch\/fr\/wp-json\/wp\/v2\/product\/7505","targetHints":{"allow":["GET"]}}],"collection":[{"href":"https:\/\/beautyproject.ch\/fr\/wp-json\/wp\/v2\/product"}],"about":[{"href":"https:\/\/beautyproject.ch\/fr\/wp-json\/wp\/v2\/types\/product"}],"wp:featuredmedia":[{"embeddable":true,"href":"https:\/\/beautyproject.ch\/fr\/wp-json\/wp\/v2\/media\/4693"}],"wp:attachment":[{"href":"https:\/\/beautyproject.ch\/fr\/wp-json\/wp\/v2\/media?parent=7505"}],"wp:term":[{"taxonomy":"product_brand","embeddable":true,"href":"https:\/\/beautyproject.ch\/fr\/wp-json\/wp\/v2\/product_brand?post=7505"},{"taxonomy":"product_cat","embeddable":true,"href":"https:\/\/beautyproject.ch\/fr\/wp-json\/wp\/v2\/product_cat?post=7505"},{"taxonomy":"product_tag","embeddable":true,"href":"https:\/\/beautyproject.ch\/fr\/wp-json\/wp\/v2\/product_tag?post=7505"}],"curies":[{"name":"wp","href":"https:\/\/api.w.org\/{rel}","templated":true}]}}