{"id":7497,"date":"2024-10-21T08:44:18","date_gmt":"2024-10-21T06:44:18","guid":{"rendered":"https:\/\/beautyproject.ch\/prodotto\/kinetics-handbody-lotion-jasminewhite-musk-250ml\/"},"modified":"2025-08-20T11:46:49","modified_gmt":"2025-08-20T09:46:49","slug":"kinetics-handbody-lotion-jasminewhite-musk-250ml","status":"publish","type":"product","link":"https:\/\/beautyproject.ch\/fr\/prodotto\/kinetics-handbody-lotion-jasminewhite-musk-250ml\/","title":{"rendered":"Kinetics Hand&amp;Body Lotion Jasmine&amp;White Musk 250ml"},"content":{"rendered":"<p>Parfum : Jasmin et Musc blanc<\/p>\n<p>Lotion parfum\u00e9e de texture ultra-l\u00e9g\u00e8re enrichie en beurre de karit\u00e9, vitamine E et huiles essentielles de Grasse, France. Hydratation 24 heures sur 24 <\/p>\n<p><strong>PARFUM<\/strong><\/p>\n<p>Une fragrance douce et florale qui enveloppe la personne qui la porte d&#8217;un ar\u00f4me sucr\u00e9 et fruit\u00e9, parfait pour l&#8217;\u00e9t\u00e9. Les subtiles notes herbac\u00e9es de v\u00e9tyver et de c\u00e8dre en c\u0153ur, ainsi que les notes de fond de musc blanc et de vanille, conf\u00e8rent \u00e0 ce parfum une touche chaleureuse et sensuelle. <\/p>\n<p><strong>Notes de t\u00eate<\/strong>: fruits d&#8217;\u00e9t\u00e9, baies.<\/p>\n<p><strong>Notes de c\u0153ur<\/strong>: Vetyver herbac\u00e9, c\u00e8dre.<\/p>\n<p><strong>Notes de fond<\/strong>: Musc blanc, Vanille.<\/p>\n<p><strong>Famille olfactive<\/strong>: florale<\/p>\n<p>&nbsp;<\/p>\n<p><strong>UTILISER<\/strong><\/p>\n<p>Appliquer et masser les paumes et les bras une \u00e0 deux fois par jour. Si n\u00e9cessaire, appliquez plus souvent. La lotion parfum\u00e9e peut \u00eatre utilis\u00e9e sur tout le corps.  <\/p>\n","protected":false},"excerpt":{"rendered":"<p>Lotion parfum\u00e9e de texture ultra-l\u00e9g\u00e8re enrichie en beurre de karit\u00e9, vitamine E et huiles essentielles de Grasse, France.<\/p>\n<p>250mL<\/p>\n","protected":false},"featured_media":4702,"template":"","meta":{"_acf_changed":false,"_seopress_robots_primary_cat":"","_seopress_titles_title":"","_seopress_titles_desc":"","_seopress_robots_index":""},"product_brand":[],"product_cat":[95],"product_tag":[],"class_list":{"0":"post-7497","1":"product","2":"type-product","3":"status-publish","4":"has-post-thumbnail","6":"product_cat-skin-care-fr","8":"first","9":"instock","10":"taxable","11":"shipping-taxable","12":"purchasable","13":"product-type-simple"},"acf":[],"jetpack_sharing_enabled":true,"_links":{"self":[{"href":"https:\/\/beautyproject.ch\/fr\/wp-json\/wp\/v2\/product\/7497","targetHints":{"allow":["GET"]}}],"collection":[{"href":"https:\/\/beautyproject.ch\/fr\/wp-json\/wp\/v2\/product"}],"about":[{"href":"https:\/\/beautyproject.ch\/fr\/wp-json\/wp\/v2\/types\/product"}],"wp:featuredmedia":[{"embeddable":true,"href":"https:\/\/beautyproject.ch\/fr\/wp-json\/wp\/v2\/media\/4702"}],"wp:attachment":[{"href":"https:\/\/beautyproject.ch\/fr\/wp-json\/wp\/v2\/media?parent=7497"}],"wp:term":[{"taxonomy":"product_brand","embeddable":true,"href":"https:\/\/beautyproject.ch\/fr\/wp-json\/wp\/v2\/product_brand?post=7497"},{"taxonomy":"product_cat","embeddable":true,"href":"https:\/\/beautyproject.ch\/fr\/wp-json\/wp\/v2\/product_cat?post=7497"},{"taxonomy":"product_tag","embeddable":true,"href":"https:\/\/beautyproject.ch\/fr\/wp-json\/wp\/v2\/product_tag?post=7497"}],"curies":[{"name":"wp","href":"https:\/\/api.w.org\/{rel}","templated":true}]}}