{"id":7468,"date":"2024-10-21T08:44:19","date_gmt":"2024-10-21T06:44:19","guid":{"rendered":"https:\/\/beautyproject.ch\/prodotto\/kinetics-handbody-lotion-amber-vanilla-250ml\/"},"modified":"2025-08-20T11:44:14","modified_gmt":"2025-08-20T09:44:14","slug":"kinetics-handbody-lotion-amber-vanilla-250ml","status":"publish","type":"product","link":"https:\/\/beautyproject.ch\/fr\/prodotto\/kinetics-handbody-lotion-amber-vanilla-250ml\/","title":{"rendered":"Kinetics Hand&amp;Body Lotion Amber &amp;Vanilla 250ml"},"content":{"rendered":"<p>Parfum : Ambre et Vanille<\/p>\n<p>Lotion parfum\u00e9e de texture ultra-l\u00e9g\u00e8re enrichie en beurre de karit\u00e9, vitamine E et huiles essentielles de Grasse, France. Hydratation 24 heures sur 24 <\/p>\n<p><strong>PARFUM<\/strong><\/p>\n<p>Un doux parfum oriental qui s&#8217;ouvre sur une explosion rafra\u00eechissante et zingu\u00e9e d&#8217;orange et de bergamote. Les notes de c\u0153ur de rose turque et de jasmin apportent une touche f\u00e9minine, tandis que le musc blanc et la vanille ajoutent de la sensualit\u00e9 \u00e0 la base de ce parfum. <\/p>\n<p><strong>Notes de t\u00eate<\/strong>: orange, fleur d&#8217;oranger, bergamote.<\/p>\n<p><strong>Notes de c\u0153ur<\/strong>: Mimosa, rose turque, jasmin.<\/p>\n<p><strong>Notes de fond<\/strong>: Patchouly, Vanille, Vetyver, Musc blanc.<\/p>\n<p><strong>Famille olfactive<\/strong>: orientale<\/p>\n<p>&nbsp;<\/p>\n<p><strong>UTILISER<\/strong><\/p>\n<p>Appliquer et masser les paumes et les bras une \u00e0 deux fois par jour. Si n\u00e9cessaire, appliquez plus souvent. La lotion parfum\u00e9e peut \u00eatre utilis\u00e9e sur tout le corps.  <\/p>\n","protected":false},"excerpt":{"rendered":"<p>Lotion parfum\u00e9e de texture ultra-l\u00e9g\u00e8re enrichie en beurre de karit\u00e9, vitamine E et huiles essentielles de Grasse, France.<\/p>\n<p>250mL<\/p>\n","protected":false},"featured_media":4732,"template":"","meta":{"_acf_changed":false,"_seopress_robots_primary_cat":"","_seopress_titles_title":"","_seopress_titles_desc":"","_seopress_robots_index":"","_seopress_analysis_target_kw":""},"product_brand":[],"product_cat":[95],"product_tag":[],"class_list":{"0":"post-7468","1":"product","2":"type-product","3":"status-publish","4":"has-post-thumbnail","6":"product_cat-skin-care-fr","8":"first","9":"instock","10":"taxable","11":"shipping-taxable","12":"purchasable","13":"product-type-simple"},"acf":[],"jetpack_sharing_enabled":true,"_links":{"self":[{"href":"https:\/\/beautyproject.ch\/fr\/wp-json\/wp\/v2\/product\/7468","targetHints":{"allow":["GET"]}}],"collection":[{"href":"https:\/\/beautyproject.ch\/fr\/wp-json\/wp\/v2\/product"}],"about":[{"href":"https:\/\/beautyproject.ch\/fr\/wp-json\/wp\/v2\/types\/product"}],"wp:featuredmedia":[{"embeddable":true,"href":"https:\/\/beautyproject.ch\/fr\/wp-json\/wp\/v2\/media\/4732"}],"wp:attachment":[{"href":"https:\/\/beautyproject.ch\/fr\/wp-json\/wp\/v2\/media?parent=7468"}],"wp:term":[{"taxonomy":"product_brand","embeddable":true,"href":"https:\/\/beautyproject.ch\/fr\/wp-json\/wp\/v2\/product_brand?post=7468"},{"taxonomy":"product_cat","embeddable":true,"href":"https:\/\/beautyproject.ch\/fr\/wp-json\/wp\/v2\/product_cat?post=7468"},{"taxonomy":"product_tag","embeddable":true,"href":"https:\/\/beautyproject.ch\/fr\/wp-json\/wp\/v2\/product_tag?post=7468"}],"curies":[{"name":"wp","href":"https:\/\/api.w.org\/{rel}","templated":true}]}}