{"id":7447,"date":"2024-10-21T08:44:20","date_gmt":"2024-10-21T06:44:20","guid":{"rendered":"https:\/\/beautyproject.ch\/prodotto\/kinetics-handbody-lotion-fig-violet-250ml\/"},"modified":"2025-05-09T11:22:15","modified_gmt":"2025-05-09T09:22:15","slug":"kinetics-handbody-lotion-fig-violet-250ml","status":"publish","type":"product","link":"https:\/\/beautyproject.ch\/fr\/prodotto\/kinetics-handbody-lotion-fig-violet-250ml\/","title":{"rendered":"Kinetics Hand&amp;Body Lotion Fig &amp; Violet 250ml"},"content":{"rendered":"<p>Parfum : Figue et violette<\/p>\n<p>Lotion parfum\u00e9e de texture ultra-l\u00e9g\u00e8re enrichie en beurre de karit\u00e9, vitamine E et huiles essentielles de Grasse, France. Hydratation 24 heures sur 24 <\/p>\n<p>&nbsp;<\/p>\n<p><strong>PARFUM<\/strong><\/p>\n<p>Un parfum sensuel qui s&#8217;ouvre sur un m\u00e9lange fruit\u00e9 de figue, de framboise et de mandarine, suivi de la violette et de la rose en c\u0153ur. Les notes de fond de musc blanc et de caramel en font un parfum floral oriental avec juste ce qu&#8217;il faut de douceur. <\/p>\n<p><strong>Notes de t\u00eate<\/strong>: figue, framboise, mandarine.<\/p>\n<p><strong>Notes de c\u0153ur<\/strong>: violette, rose, p\u00eache.<\/p>\n<p><strong>Notes de fond<\/strong>: Musc blanc, Ambre, Caramel.<\/p>\n<p><strong>Famille olfactive<\/strong>: orientale<\/p>\n<p>&nbsp;<\/p>\n<p><strong>UTILISER<\/strong><\/p>\n<p>Appliquer et masser les paumes et les bras une \u00e0 deux fois par jour. Si n\u00e9cessaire, appliquez plus souvent. La lotion parfum\u00e9e peut \u00eatre utilis\u00e9e sur tout le corps.  <\/p>\n","protected":false},"excerpt":{"rendered":"<p>Lotion parfum\u00e9e de texture ultra-l\u00e9g\u00e8re enrichie en beurre de karit\u00e9, vitamine E et huiles essentielles de Grasse, France.<\/p>\n<p>250mL<\/p>\n","protected":false},"featured_media":4747,"template":"","meta":{"_acf_changed":false,"_seopress_robots_primary_cat":"","_seopress_titles_title":"","_seopress_titles_desc":"","_seopress_robots_index":"","_seopress_analysis_target_kw":""},"product_brand":[],"product_cat":[95],"product_tag":[],"class_list":{"0":"post-7447","1":"product","2":"type-product","3":"status-publish","4":"has-post-thumbnail","6":"product_cat-skin-care-fr","8":"first","9":"instock","10":"taxable","11":"shipping-taxable","12":"purchasable","13":"product-type-simple"},"acf":[],"jetpack_sharing_enabled":true,"_links":{"self":[{"href":"https:\/\/beautyproject.ch\/fr\/wp-json\/wp\/v2\/product\/7447","targetHints":{"allow":["GET"]}}],"collection":[{"href":"https:\/\/beautyproject.ch\/fr\/wp-json\/wp\/v2\/product"}],"about":[{"href":"https:\/\/beautyproject.ch\/fr\/wp-json\/wp\/v2\/types\/product"}],"wp:featuredmedia":[{"embeddable":true,"href":"https:\/\/beautyproject.ch\/fr\/wp-json\/wp\/v2\/media\/4747"}],"wp:attachment":[{"href":"https:\/\/beautyproject.ch\/fr\/wp-json\/wp\/v2\/media?parent=7447"}],"wp:term":[{"taxonomy":"product_brand","embeddable":true,"href":"https:\/\/beautyproject.ch\/fr\/wp-json\/wp\/v2\/product_brand?post=7447"},{"taxonomy":"product_cat","embeddable":true,"href":"https:\/\/beautyproject.ch\/fr\/wp-json\/wp\/v2\/product_cat?post=7447"},{"taxonomy":"product_tag","embeddable":true,"href":"https:\/\/beautyproject.ch\/fr\/wp-json\/wp\/v2\/product_tag?post=7447"}],"curies":[{"name":"wp","href":"https:\/\/api.w.org\/{rel}","templated":true}]}}