{"id":7431,"date":"2024-10-21T08:44:20","date_gmt":"2024-10-21T06:44:20","guid":{"rendered":"https:\/\/beautyproject.ch\/prodotto\/kinetics-professional-hand-care-suncare-cream-150ml\/"},"modified":"2025-05-09T11:22:02","modified_gmt":"2025-05-09T09:22:02","slug":"kinetics-professional-hand-care-suncare-cream-150ml","status":"publish","type":"product","link":"https:\/\/beautyproject.ch\/fr\/prodotto\/kinetics-professional-hand-care-suncare-cream-150ml\/","title":{"rendered":"Kinetics Professional Hand Care SunCare Cream 150ml"},"content":{"rendered":"<p>Cr\u00e8me cr\u00e9meuse et l\u00e9g\u00e8re texture au toucher velout\u00e9. Cr\u00e8me incroyablement hydratante qui offre une protection UVA et UVB SPF 20. <\/p>\n<p>Des filtres UV de nouvelle g\u00e9n\u00e9ration, faciles \u00e0 utiliser et sans risque toxicologique.<\/p>\n<p><strong>UTILISER<\/strong><\/p>\n<p>Utilisez une petite quantit\u00e9 de cr\u00e8me sur les deux mains. Masser la peau jusqu&#8217;\u00e0 ce qu&#8217;elle p\u00e9n\u00e8tre. Convient \u00e0 un usage quotidien.  <\/p>\n<p><strong>AVERTISSEMENTS<\/strong><\/p>\n<p>Il est recommand\u00e9 d&#8217;\u00e9viter une exposition prolong\u00e9e au soleil ou aux rayons UVA et UVB, m\u00eame en utilisant un \u00e9cran solaire.<\/p>\n","protected":false},"excerpt":{"rendered":"<div id=\"product-description-short-5025\" class=\"rte-content product-description\">\n<p>Cr\u00e8me avec texture light, laisse un toucher velout\u00e9. Cr\u00e8me incroyablement hydratante qui offre une protection contre les UVA et les UVB, SPF 20. <\/p>\n<\/div>\n","protected":false},"featured_media":4765,"template":"","meta":{"_acf_changed":false,"_seopress_robots_primary_cat":"","_seopress_titles_title":"","_seopress_titles_desc":"","_seopress_robots_index":"","_seopress_analysis_target_kw":""},"product_brand":[],"product_cat":[95],"product_tag":[],"class_list":{"0":"post-7431","1":"product","2":"type-product","3":"status-publish","4":"has-post-thumbnail","6":"product_cat-skin-care-fr","8":"first","9":"instock","10":"taxable","11":"shipping-taxable","12":"purchasable","13":"product-type-simple"},"acf":[],"jetpack_sharing_enabled":true,"_links":{"self":[{"href":"https:\/\/beautyproject.ch\/fr\/wp-json\/wp\/v2\/product\/7431","targetHints":{"allow":["GET"]}}],"collection":[{"href":"https:\/\/beautyproject.ch\/fr\/wp-json\/wp\/v2\/product"}],"about":[{"href":"https:\/\/beautyproject.ch\/fr\/wp-json\/wp\/v2\/types\/product"}],"wp:featuredmedia":[{"embeddable":true,"href":"https:\/\/beautyproject.ch\/fr\/wp-json\/wp\/v2\/media\/4765"}],"wp:attachment":[{"href":"https:\/\/beautyproject.ch\/fr\/wp-json\/wp\/v2\/media?parent=7431"}],"wp:term":[{"taxonomy":"product_brand","embeddable":true,"href":"https:\/\/beautyproject.ch\/fr\/wp-json\/wp\/v2\/product_brand?post=7431"},{"taxonomy":"product_cat","embeddable":true,"href":"https:\/\/beautyproject.ch\/fr\/wp-json\/wp\/v2\/product_cat?post=7431"},{"taxonomy":"product_tag","embeddable":true,"href":"https:\/\/beautyproject.ch\/fr\/wp-json\/wp\/v2\/product_tag?post=7431"}],"curies":[{"name":"wp","href":"https:\/\/api.w.org\/{rel}","templated":true}]}}