{"id":7356,"date":"2024-10-21T08:44:20","date_gmt":"2024-10-21T06:44:20","guid":{"rendered":"https:\/\/beautyproject.ch\/prodotto\/kinetics-pedicure-callus-spray-150ml\/"},"modified":"2025-08-18T14:18:16","modified_gmt":"2025-08-18T12:18:16","slug":"kinetics-pedicure-callus-spray-150ml","status":"publish","type":"product","link":"https:\/\/beautyproject.ch\/fr\/prodotto\/kinetics-pedicure-callus-spray-150ml\/","title":{"rendered":"Kinetics Pedicure Callus Spray 150ml"},"content":{"rendered":"<p>Produit pour l&#8217;\u00e9limination des callosit\u00e9s et le soin des pieds.<\/p>\n<p><strong>ACTIONS<\/strong><\/p>\n<p>&#8211; 10% d&#8217;ur\u00e9e et d&#8217;acide lactique, qui \u00e9liminent rapidement les cors, laissant la peau hydrat\u00e9e et douce au toucher ;<br \/>\n&#8211; Le spray, facile et rapide \u00e0 utiliser, couvre tout le pied en quelques secondes ;<br \/>\n&#8211; Doux, sans rin\u00e7age : contrairement \u00e0 d&#8217;autres produits similaires, ce spray ne contient pas d&#8217;alcalins qui peuvent br\u00fbler la peau ; il ne n\u00e9cessite donc pas de rin\u00e7age et n&#8217;est pas irritant, m\u00eame pour les peaux sensibles.<\/p>\n<p>Convient aux diab\u00e9tiques.<\/p>\n","protected":false},"excerpt":{"rendered":"<p>Produit pour \u00e9liminer les cors, en format spray pratique.<\/p>\n<p>150mL<\/p>\n","protected":false},"featured_media":4774,"template":"","meta":{"_acf_changed":false,"_seopress_robots_primary_cat":"none","_seopress_titles_title":"","_seopress_titles_desc":"","_seopress_robots_index":"","_seopress_analysis_target_kw":""},"product_brand":[],"product_cat":[95],"product_tag":[],"class_list":{"0":"post-7356","1":"product","2":"type-product","3":"status-publish","4":"has-post-thumbnail","6":"product_cat-skin-care-fr","8":"first","9":"instock","10":"taxable","11":"shipping-taxable","12":"purchasable","13":"product-type-simple"},"acf":[],"jetpack_sharing_enabled":true,"_links":{"self":[{"href":"https:\/\/beautyproject.ch\/fr\/wp-json\/wp\/v2\/product\/7356","targetHints":{"allow":["GET"]}}],"collection":[{"href":"https:\/\/beautyproject.ch\/fr\/wp-json\/wp\/v2\/product"}],"about":[{"href":"https:\/\/beautyproject.ch\/fr\/wp-json\/wp\/v2\/types\/product"}],"wp:featuredmedia":[{"embeddable":true,"href":"https:\/\/beautyproject.ch\/fr\/wp-json\/wp\/v2\/media\/4774"}],"wp:attachment":[{"href":"https:\/\/beautyproject.ch\/fr\/wp-json\/wp\/v2\/media?parent=7356"}],"wp:term":[{"taxonomy":"product_brand","embeddable":true,"href":"https:\/\/beautyproject.ch\/fr\/wp-json\/wp\/v2\/product_brand?post=7356"},{"taxonomy":"product_cat","embeddable":true,"href":"https:\/\/beautyproject.ch\/fr\/wp-json\/wp\/v2\/product_cat?post=7356"},{"taxonomy":"product_tag","embeddable":true,"href":"https:\/\/beautyproject.ch\/fr\/wp-json\/wp\/v2\/product_tag?post=7356"}],"curies":[{"name":"wp","href":"https:\/\/api.w.org\/{rel}","templated":true}]}}