{"id":7350,"date":"2024-10-21T08:44:20","date_gmt":"2024-10-21T06:44:20","guid":{"rendered":"https:\/\/beautyproject.ch\/prodotto\/kinetics-pedicure-heel-cream-150ml\/"},"modified":"2025-08-18T14:16:42","modified_gmt":"2025-08-18T12:16:42","slug":"kinetics-pedicure-heel-cream-150ml","status":"publish","type":"product","link":"https:\/\/beautyproject.ch\/fr\/prodotto\/kinetics-pedicure-heel-cream-150ml\/","title":{"rendered":"Kinetics Pedicure Heel Cream 150ml"},"content":{"rendered":"<p>Soin intensif pour les talons particuli\u00e8rement secs et fendill\u00e9s.<\/p>\n<p><strong>ACTIONS<\/strong><\/p>\n<p>&#8211; L&#8217;ur\u00e9e \u00e0 10 % et le caviar de chaux gu\u00e9rissent les talons gerc\u00e9s en 4 jours : le premier maintient l&#8217;humidit\u00e9 dans les couches sup\u00e9rieures de la peau, la rendant hydrat\u00e9e et douce au toucher ; le second contient une forte concentration d&#8217;AHA, am\u00e9liorant le renouvellement cellulaire et gu\u00e9rissant la peau et les talons fendill\u00e9s ;<br \/>\n&#8211; Le beurre de karit\u00e9 scelle l&#8217;humidit\u00e9 dans la peau, cr\u00e9ant une barri\u00e8re douce et scelle l&#8217;humidit\u00e9 dans la peau, la gardant hydrat\u00e9e pendant plusieurs heures ;<br \/>\n&#8211; Non gras, s&#8217;applique et vous pouvez porter des chaussures.<\/p>\n<p>Convient aux diab\u00e9tiques.<\/p>\n","protected":false},"excerpt":{"rendered":"<p>Cr\u00e8me nourrissante pour les talons secs et crevass\u00e9s.<\/p>\n<p>150mL<\/p>\n","protected":false},"featured_media":4777,"template":"","meta":{"_acf_changed":false,"_seopress_robots_primary_cat":"none","_seopress_titles_title":"","_seopress_titles_desc":"","_seopress_robots_index":"","_seopress_analysis_target_kw":""},"product_brand":[],"product_cat":[95],"product_tag":[],"class_list":{"0":"post-7350","1":"product","2":"type-product","3":"status-publish","4":"has-post-thumbnail","6":"product_cat-skin-care-fr","8":"first","9":"instock","10":"taxable","11":"shipping-taxable","12":"purchasable","13":"product-type-simple"},"acf":[],"jetpack_sharing_enabled":true,"_links":{"self":[{"href":"https:\/\/beautyproject.ch\/fr\/wp-json\/wp\/v2\/product\/7350","targetHints":{"allow":["GET"]}}],"collection":[{"href":"https:\/\/beautyproject.ch\/fr\/wp-json\/wp\/v2\/product"}],"about":[{"href":"https:\/\/beautyproject.ch\/fr\/wp-json\/wp\/v2\/types\/product"}],"wp:featuredmedia":[{"embeddable":true,"href":"https:\/\/beautyproject.ch\/fr\/wp-json\/wp\/v2\/media\/4777"}],"wp:attachment":[{"href":"https:\/\/beautyproject.ch\/fr\/wp-json\/wp\/v2\/media?parent=7350"}],"wp:term":[{"taxonomy":"product_brand","embeddable":true,"href":"https:\/\/beautyproject.ch\/fr\/wp-json\/wp\/v2\/product_brand?post=7350"},{"taxonomy":"product_cat","embeddable":true,"href":"https:\/\/beautyproject.ch\/fr\/wp-json\/wp\/v2\/product_cat?post=7350"},{"taxonomy":"product_tag","embeddable":true,"href":"https:\/\/beautyproject.ch\/fr\/wp-json\/wp\/v2\/product_tag?post=7350"}],"curies":[{"name":"wp","href":"https:\/\/api.w.org\/{rel}","templated":true}]}}