{"id":6355,"date":"2024-10-21T08:43:28","date_gmt":"2024-10-21T06:43:28","guid":{"rendered":"https:\/\/beautyproject.ch\/prodotto\/kinetics-solargel-top-coat-15ml\/"},"modified":"2024-10-21T08:43:28","modified_gmt":"2024-10-21T06:43:28","slug":"kinetics-solargel-top-coat-15ml","status":"publish","type":"product","link":"https:\/\/beautyproject.ch\/fr\/prodotto\/kinetics-solargel-top-coat-15ml\/","title":{"rendered":"Kinetics SolarGel Top Coat 15ml"},"content":{"rendered":"<p>L&#8217;\u00e9mail Top Coat SolarGel\u2122 dure jusqu&#8217;\u00e0 dix jours. Il donne \u00e0 l&#8217;\u00e9mail un brillant sup\u00e9rieur similaire \u00e0 celui de gel et le rend plus \u00e9clatant. <\/p>\n<p><strong>UTILISER<\/strong><\/p>\n<p>Une fois que vous avez fini d&#8217;appliquer la couleur SolarGel\u2122, laissez-la s\u00e9cher pendant deux minutes.<\/p>\n<p>Appliquez ensuite SolarGel\u2122 Top Coat et laissez-le s\u00e9cher. Le temps de s\u00e9chage complet est de 10 \u00e0 15 minutes et d\u00e9pend de la temp\u00e9rature et de l&#8217;humidit\u00e9 ambiantes. Pour acc\u00e9l\u00e9rer le s\u00e9chage, utilisez les gouttes Kwik Dry.  <\/p>\n","protected":false},"excerpt":{"rendered":"<p class=\"p1\">Un scellant extra-brillant et r\u00e9sistant aux rayures garantit la durabilit\u00e9 du vernis \u00e0 ongles SolarGel jusqu&#8217;\u00e0 10 jours sans avoir besoin d&#8217;une lampe LED\/UV.<\/p>\n<p>15mL<\/p>\n","protected":false},"featured_media":5014,"template":"","meta":{"_acf_changed":false,"_seopress_robots_primary_cat":"","_seopress_titles_title":"","_seopress_titles_desc":"","_seopress_robots_index":"","_seopress_analysis_target_kw":""},"product_brand":[],"product_cat":[82],"product_tag":[],"class_list":{"0":"post-6355","1":"product","2":"type-product","3":"status-publish","4":"has-post-thumbnail","6":"product_cat-solargel-fr","8":"first","9":"instock","10":"taxable","11":"shipping-taxable","12":"purchasable","13":"product-type-simple"},"acf":[],"jetpack_sharing_enabled":true,"_links":{"self":[{"href":"https:\/\/beautyproject.ch\/fr\/wp-json\/wp\/v2\/product\/6355","targetHints":{"allow":["GET"]}}],"collection":[{"href":"https:\/\/beautyproject.ch\/fr\/wp-json\/wp\/v2\/product"}],"about":[{"href":"https:\/\/beautyproject.ch\/fr\/wp-json\/wp\/v2\/types\/product"}],"wp:featuredmedia":[{"embeddable":true,"href":"https:\/\/beautyproject.ch\/fr\/wp-json\/wp\/v2\/media\/5014"}],"wp:attachment":[{"href":"https:\/\/beautyproject.ch\/fr\/wp-json\/wp\/v2\/media?parent=6355"}],"wp:term":[{"taxonomy":"product_brand","embeddable":true,"href":"https:\/\/beautyproject.ch\/fr\/wp-json\/wp\/v2\/product_brand?post=6355"},{"taxonomy":"product_cat","embeddable":true,"href":"https:\/\/beautyproject.ch\/fr\/wp-json\/wp\/v2\/product_cat?post=6355"},{"taxonomy":"product_tag","embeddable":true,"href":"https:\/\/beautyproject.ch\/fr\/wp-json\/wp\/v2\/product_tag?post=6355"}],"curies":[{"name":"wp","href":"https:\/\/api.w.org\/{rel}","templated":true}]}}