{"id":6341,"date":"2024-10-21T08:43:29","date_gmt":"2024-10-21T06:43:29","guid":{"rendered":"https:\/\/beautyproject.ch\/prodotto\/cinetique-aha-cuticle-off-15ml\/"},"modified":"2025-08-20T11:38:40","modified_gmt":"2025-08-20T09:38:40","slug":"cinetique-aha-cuticle-off-15ml","status":"publish","type":"product","link":"https:\/\/beautyproject.ch\/fr\/prodotto\/cinetique-aha-cuticle-off-15ml\/","title":{"rendered":"Cin\u00e9tique AHA Cuticle OFF 15ml"},"content":{"rendered":"<p>Inspir\u00e9 par la beaut\u00e9 de la perle de chaux et sa source unique d&#8217;AHA, Cuticle OFF offre une nouvelle formule innovante, toujours tr\u00e8s efficace mais plus douce pour les ongles.<\/p>\n<p><strong>B\u00c9N\u00c9FICES<\/strong><\/p>\n<p>&#8211; Non alcalin ;<br \/>\n&#8211; \u00c9claircit et adoucit la peau naturellement ;<br \/>\n&#8211; L&#8217;extrait de caviar exfolie et \u00e9limine efficacement les cellules mortes ;<br \/>\n&#8211; Il n&#8217;est pas n\u00e9cessaire de rincer le produit.<\/p>\n<p><strong>UTILISER<\/strong><\/p>\n<p>1. Appliquez sur la base des ongles et travaillez d\u00e9licatement autour des cuticules.<br \/>\n2. Retirez la cuticule \u00e0 l&#8217;aide d&#8217;un b\u00e2tonnet orange ou d&#8217;un repousse-cuticule.<\/p>\n<p>3. Aucun rin\u00e7age n&#8217;est n\u00e9cessaire.<\/p>\n","protected":false},"excerpt":{"rendered":"<p class=\"p1\">D\u00e9capant pour cuticules. La formule innovante \u00e0 base d&#8217;extrait de caviar de chaux exfolie et \u00e9limine les cellules mortes de la peau en douceur mais avec efficacit\u00e9. <\/p>\n<p>15mL<\/p>\n","protected":false},"featured_media":5023,"template":"","meta":{"_acf_changed":false,"_seopress_robots_primary_cat":"","_seopress_titles_title":"","_seopress_titles_desc":"","_seopress_robots_index":"","_seopress_analysis_target_kw":""},"product_brand":[],"product_cat":[65],"product_tag":[],"class_list":{"0":"post-6341","1":"product","2":"type-product","3":"status-publish","4":"has-post-thumbnail","6":"product_cat-cuticle-treatments-fr","8":"first","9":"instock","10":"taxable","11":"shipping-taxable","12":"purchasable","13":"product-type-simple"},"acf":[],"jetpack_sharing_enabled":true,"_links":{"self":[{"href":"https:\/\/beautyproject.ch\/fr\/wp-json\/wp\/v2\/product\/6341","targetHints":{"allow":["GET"]}}],"collection":[{"href":"https:\/\/beautyproject.ch\/fr\/wp-json\/wp\/v2\/product"}],"about":[{"href":"https:\/\/beautyproject.ch\/fr\/wp-json\/wp\/v2\/types\/product"}],"wp:featuredmedia":[{"embeddable":true,"href":"https:\/\/beautyproject.ch\/fr\/wp-json\/wp\/v2\/media\/5023"}],"wp:attachment":[{"href":"https:\/\/beautyproject.ch\/fr\/wp-json\/wp\/v2\/media?parent=6341"}],"wp:term":[{"taxonomy":"product_brand","embeddable":true,"href":"https:\/\/beautyproject.ch\/fr\/wp-json\/wp\/v2\/product_brand?post=6341"},{"taxonomy":"product_cat","embeddable":true,"href":"https:\/\/beautyproject.ch\/fr\/wp-json\/wp\/v2\/product_cat?post=6341"},{"taxonomy":"product_tag","embeddable":true,"href":"https:\/\/beautyproject.ch\/fr\/wp-json\/wp\/v2\/product_tag?post=6341"}],"curies":[{"name":"wp","href":"https:\/\/api.w.org\/{rel}","templated":true}]}}