{"id":6321,"date":"2024-10-21T08:43:29","date_gmt":"2024-10-21T06:43:29","guid":{"rendered":"https:\/\/beautyproject.ch\/prodotto\/kinetics-green-nano-shark-15ml\/"},"modified":"2025-10-26T13:46:05","modified_gmt":"2025-10-26T12:46:05","slug":"kinetics-green-nano-shark-15ml","status":"publish","type":"product","link":"https:\/\/beautyproject.ch\/fr\/prodotto\/kinetics-green-nano-shark-15ml\/","title":{"rendered":"Kinetics Green Nano Shark 15ml"},"content":{"rendered":"<p class=\"p1\">Une aide instantan\u00e9e pour les ongles fragilis\u00e9s qui peut \u00e9galement \u00eatre utilis\u00e9e comme base de vernis et couche de finition.<\/p>\n<p><strong>UTILISER<\/strong><\/p>\n<p>Appliquez deux fois par semaine pour favoriser des ongles forts et sains. Appliquez une couche sous le vernis \u00e0 ongles comme base. Appliquez une couche sur le vernis \u00e0 ongles comme couche de finition.  <\/p>\n","protected":false},"excerpt":{"rendered":"<p class=\"p1\">Soin fortifiant de choc pour les ongles ab\u00eem\u00e9s et fragilis\u00e9s.<\/p>\n<p>15mL<\/p>\n","protected":false},"featured_media":8065,"template":"","meta":{"_acf_changed":false,"_seopress_robots_primary_cat":"none","_seopress_titles_title":"","_seopress_titles_desc":"","_seopress_robots_index":"","_seopress_analysis_target_kw":""},"product_brand":[],"product_cat":[76],"product_tag":[],"class_list":{"0":"post-6321","1":"product","2":"type-product","3":"status-publish","4":"has-post-thumbnail","6":"product_cat-nail-treatments-fr","8":"first","9":"outofstock","10":"taxable","11":"shipping-taxable","12":"purchasable","13":"product-type-simple"},"acf":[],"jetpack_sharing_enabled":true,"_links":{"self":[{"href":"https:\/\/beautyproject.ch\/fr\/wp-json\/wp\/v2\/product\/6321","targetHints":{"allow":["GET"]}}],"collection":[{"href":"https:\/\/beautyproject.ch\/fr\/wp-json\/wp\/v2\/product"}],"about":[{"href":"https:\/\/beautyproject.ch\/fr\/wp-json\/wp\/v2\/types\/product"}],"wp:featuredmedia":[{"embeddable":true,"href":"https:\/\/beautyproject.ch\/fr\/wp-json\/wp\/v2\/media\/8065"}],"wp:attachment":[{"href":"https:\/\/beautyproject.ch\/fr\/wp-json\/wp\/v2\/media?parent=6321"}],"wp:term":[{"taxonomy":"product_brand","embeddable":true,"href":"https:\/\/beautyproject.ch\/fr\/wp-json\/wp\/v2\/product_brand?post=6321"},{"taxonomy":"product_cat","embeddable":true,"href":"https:\/\/beautyproject.ch\/fr\/wp-json\/wp\/v2\/product_cat?post=6321"},{"taxonomy":"product_tag","embeddable":true,"href":"https:\/\/beautyproject.ch\/fr\/wp-json\/wp\/v2\/product_tag?post=6321"}],"curies":[{"name":"wp","href":"https:\/\/api.w.org\/{rel}","templated":true}]}}