{"id":6315,"date":"2024-10-21T08:43:30","date_gmt":"2024-10-21T06:43:30","guid":{"rendered":"https:\/\/beautyproject.ch\/prodotto\/kinetics-gold-elixir-15ml\/"},"modified":"2025-12-24T08:01:00","modified_gmt":"2025-12-24T07:01:00","slug":"kinetics-gold-elixir-15ml","status":"publish","type":"product","link":"https:\/\/beautyproject.ch\/fr\/prodotto\/kinetics-gold-elixir-15ml\/","title":{"rendered":"Kinetics Gold Elixir 15ml"},"content":{"rendered":"<p class=\"p1\">elixir de haute qualit\u00e9 enrichi de particules d&#8217;or pur. Restaure les ongles faibles et ab\u00eem\u00e9s. La formule s\u00fbre \u00e0 base d&#8217;eau et de k\u00e9ratine r\u00e9g\u00e9n\u00e8re les cuticules et pr\u00e9vient l&#8217;exfoliation des ongles. Les p\u00e9pites d&#8217;or garantissent un pr\u00e9cieux look.   <\/p>\n<p>&#8211; La k\u00e9ratine soigne les cuticules et pr\u00e9vient la casse des ongles ;<br \/>\n&#8211; Le D-Panth\u00e9nol hydrate intens\u00e9ment ;<br \/>\n&#8211; La glyc\u00e9rine hydrate les couches sup\u00e9rieures de la peau et des ongles ;<br \/>\n&#8211; L&#8217;or collo\u00efdal souligne l&#8217;aspect de ce produit de luxe.<\/p>\n<p>&nbsp;<\/p>\n<p><strong>UTILISER<\/strong><\/p>\n<p>Appliquez Gold Elixir sur les cuticules et le lit de l&#8217;ongle ; massez en effectuant de l\u00e9gers mouvements circulaires.<\/p>\n","protected":false},"excerpt":{"rendered":"<p>Luxueux \u00e9lixir pour les ongles et les cuticules enrichi de particules d&#8217;or.<\/p>\n<p>15mL<\/p>\n","protected":false},"featured_media":8093,"template":"","meta":{"_acf_changed":false,"_seopress_robots_primary_cat":"none","_seopress_titles_title":"","_seopress_titles_desc":"","_seopress_robots_index":"","_seopress_analysis_target_kw":""},"product_brand":[],"product_cat":[76],"product_tag":[],"class_list":{"0":"post-6315","1":"product","2":"type-product","3":"status-publish","4":"has-post-thumbnail","6":"product_cat-nail-treatments-fr","8":"first","9":"instock","10":"taxable","11":"shipping-taxable","12":"purchasable","13":"product-type-simple"},"acf":[],"jetpack_sharing_enabled":true,"_links":{"self":[{"href":"https:\/\/beautyproject.ch\/fr\/wp-json\/wp\/v2\/product\/6315","targetHints":{"allow":["GET"]}}],"collection":[{"href":"https:\/\/beautyproject.ch\/fr\/wp-json\/wp\/v2\/product"}],"about":[{"href":"https:\/\/beautyproject.ch\/fr\/wp-json\/wp\/v2\/types\/product"}],"wp:featuredmedia":[{"embeddable":true,"href":"https:\/\/beautyproject.ch\/fr\/wp-json\/wp\/v2\/media\/8093"}],"wp:attachment":[{"href":"https:\/\/beautyproject.ch\/fr\/wp-json\/wp\/v2\/media?parent=6315"}],"wp:term":[{"taxonomy":"product_brand","embeddable":true,"href":"https:\/\/beautyproject.ch\/fr\/wp-json\/wp\/v2\/product_brand?post=6315"},{"taxonomy":"product_cat","embeddable":true,"href":"https:\/\/beautyproject.ch\/fr\/wp-json\/wp\/v2\/product_cat?post=6315"},{"taxonomy":"product_tag","embeddable":true,"href":"https:\/\/beautyproject.ch\/fr\/wp-json\/wp\/v2\/product_tag?post=6315"}],"curies":[{"name":"wp","href":"https:\/\/api.w.org\/{rel}","templated":true}]}}