{"id":5257,"date":"2024-10-28T09:09:26","date_gmt":"2024-10-28T08:09:26","guid":{"rendered":"https:\/\/beautyproject.ch\/politique-de-remboursement-et-de-retour\/"},"modified":"2025-03-03T15:23:45","modified_gmt":"2025-03-03T14:23:45","slug":"politique-de-remboursement-et-de-retour","status":"publish","type":"page","link":"https:\/\/beautyproject.ch\/fr\/politique-de-remboursement-et-de-retour\/","title":{"rendered":"Politique de remboursement et de retour"},"content":{"rendered":"\n<p><strong>Livraison<\/strong><\/p>\n\n<p>Les marchandises sont envoy\u00e9es \u00e0 l&#8217;adresse indiqu\u00e9e par le client. Quel que soit le mode de transport choisi, les marchandises voyagent aux risques et p\u00e9rils du client. La livraison sera effectu\u00e9e par La Poste Suisse ou par un service de messagerie, en respectant les d\u00e9lais de livraison fix\u00e9s de bonne foi et de la mani\u00e8re la plus pr\u00e9cise possible. Les livraisons seront effectu\u00e9es en fonction des disponibilit\u00e9s et de l&#8217;ordre de r\u00e9ception des commandes. Les produits qui ne peuvent \u00eatre livr\u00e9s seront envoy\u00e9s ult\u00e9rieurement, aux frais de la Soci\u00e9t\u00e9, d\u00e8s qu&#8217;ils seront disponibles. Les frais d&#8217;envoi sont fix\u00e9s \u00e0 18 CHF, \u00e0 la charge du client. Toutefois, pour les commandes sup\u00e9rieures \u00e0 300 CHF, les frais de port sont gratuits.      <\/p>\n\n<p><strong>Retour de marchandises<\/strong><\/p>\n\n<p>  La demande de remboursement doit \u00eatre faite par courriel \u00e0 <a>info@beautyproject.ch<\/a>. La notification doit inclure le num\u00e9ro et la date de la facture. La Soci\u00e9t\u00e9 n&#8217;acceptera que les produits non utilis\u00e9s, dans leur emballage d&#8217;origine et en parfait \u00e9tat de revente. Les frais d&#8217;exp\u00e9dition et les risques de retour sont \u00e0 la charge du client. Le retour des marchandises vous donne droit \u00e0 une note de cr\u00e9dit. Les cas exceptionnels sont soumis \u00e0 l&#8217;approbation de l&#8217;entreprise et font l&#8217;objet d&#8217;une taxe administrative de 20 francs suisses.<\/p>\n","protected":false},"excerpt":{"rendered":"<p>Livraison Les marchandises sont envoy\u00e9es \u00e0 l&#8217;adresse indiqu\u00e9e par le client. Quel que soit le mode de transport choisi, les marchandises voyagent aux risques et p\u00e9rils du client. La livraison sera effectu\u00e9e par La Poste Suisse ou par un service de messagerie, en respectant les d\u00e9lais de livraison fix\u00e9s de bonne foi et de la [&hellip;]<\/p>\n","protected":false},"author":1,"featured_media":0,"parent":0,"menu_order":0,"comment_status":"closed","ping_status":"closed","template":"","meta":{"_acf_changed":false,"_seopress_robots_primary_cat":"","_seopress_titles_title":"","_seopress_titles_desc":"","_seopress_robots_index":"","_seopress_analysis_target_kw":"","footnotes":""},"class_list":["post-5257","page","type-page","status-publish","hentry"],"acf":[],"jetpack_sharing_enabled":true,"_links":{"self":[{"href":"https:\/\/beautyproject.ch\/fr\/wp-json\/wp\/v2\/pages\/5257","targetHints":{"allow":["GET"]}}],"collection":[{"href":"https:\/\/beautyproject.ch\/fr\/wp-json\/wp\/v2\/pages"}],"about":[{"href":"https:\/\/beautyproject.ch\/fr\/wp-json\/wp\/v2\/types\/page"}],"author":[{"embeddable":true,"href":"https:\/\/beautyproject.ch\/fr\/wp-json\/wp\/v2\/users\/1"}],"replies":[{"embeddable":true,"href":"https:\/\/beautyproject.ch\/fr\/wp-json\/wp\/v2\/comments?post=5257"}],"version-history":[{"count":1,"href":"https:\/\/beautyproject.ch\/fr\/wp-json\/wp\/v2\/pages\/5257\/revisions"}],"predecessor-version":[{"id":5258,"href":"https:\/\/beautyproject.ch\/fr\/wp-json\/wp\/v2\/pages\/5257\/revisions\/5258"}],"wp:attachment":[{"href":"https:\/\/beautyproject.ch\/fr\/wp-json\/wp\/v2\/media?parent=5257"}],"curies":[{"name":"wp","href":"https:\/\/api.w.org\/{rel}","templated":true}]}}