{"id":5235,"date":"2024-10-25T09:20:27","date_gmt":"2024-10-25T07:20:27","guid":{"rendered":"https:\/\/beautyproject.ch\/conditions-de-vente\/"},"modified":"2025-03-03T15:23:38","modified_gmt":"2025-03-03T14:23:38","slug":"conditions-de-vente","status":"publish","type":"page","link":"https:\/\/beautyproject.ch\/fr\/conditions-de-vente\/","title":{"rendered":"Conditions de vente"},"content":{"rendered":"\n<p><strong>1. Acceptation des conditions<\/strong> g\u00e9n\u00e9rales de vente Toutes les commandes pass\u00e9es par t\u00e9l\u00e9phone, par courrier \u00e9lectronique, par l&#8217;interm\u00e9diaire d&#8217;un de nos conseillers ou en ligne sont soumises aux pr\u00e9sentes conditions g\u00e9n\u00e9rales de vente. En passant commande, le client d\u00e9clare avoir lu, compris et accept\u00e9 les conditions sans r\u00e9serve. <\/p>\n\n<p><strong>2. Commandes<\/strong> Les \u00e9ventuelles modifications de la commande demand\u00e9es par le client ne peuvent \u00eatre prises en compte que si elles interviennent avant l&#8217;envoi des produits. La soci\u00e9t\u00e9 se r\u00e9serve le droit de suspendre une commande en cas de factures impay\u00e9es ou d&#8217;insolvabilit\u00e9. <\/p>\n\n<p><strong>3. Conditions de paiement<\/strong> Toutes les commandes sont calcul\u00e9es en francs suisses (CHF), hors TVA et hors frais de port. La soci\u00e9t\u00e9 se r\u00e9serve le droit de modifier les prix \u00e0 tout moment et sans pr\u00e9avis. Les produits seront factur\u00e9s sur la base des tarifs en vigueur au moment de l&#8217;enregistrement de la commande.  <\/p>\n\n<p><strong>4. M\u00e9thodes de paiement<\/strong> Toutes les commandes sont pass\u00e9es en francs suisses (CHF) et peuvent \u00eatre pay\u00e9es par les m\u00e9thodes suivantes :<\/p>\n\n<ul class=\"wp-block-list\">\n<li><strong>Carte de cr\u00e9dit<\/strong>: Nous acceptons les paiements par les principales cartes de cr\u00e9dit.<\/li>\n\n\n\n<li><strong>TWINT<\/strong>: Nous acceptons les paiements via l&#8217;application TWINT pour plus de commodit\u00e9.<\/li>\n\n\n\n<li><strong>Facture<\/strong>: La premi\u00e8re commande sera pay\u00e9e contre remboursement. Les commandes suivantes peuvent \u00eatre pay\u00e9es sur facture, \u00e0 \u00e9ch\u00e9ance de 15 jours \u00e0 compter de la date d&#8217;\u00e9mission. En cas de retard de paiement, un int\u00e9r\u00eat de 3% par mois sera factur\u00e9 et des frais de rappel de 25 CHF seront factur\u00e9s.  <\/li>\n<\/ul>\n\n<p><strong>5. Facturation<\/strong> Une facture sera \u00e9mise pour chaque commande et envoy\u00e9e \u00e0 l&#8217;adresse \u00e9lectronique fournie par le client. Toute r\u00e9clamation concernant la facture doit parvenir \u00e0 la soci\u00e9t\u00e9 par \u00e9crit dans les 7 jours ouvrables suivant sa r\u00e9ception. En l&#8217;absence d&#8217;une telle r\u00e9clamation, la facture est consid\u00e9r\u00e9e comme accept\u00e9e sans r\u00e9serve.  <\/p>\n\n<p><strong>6. Livraison<\/strong> Les marchandises sont envoy\u00e9es \u00e0 l&#8217;adresse indiqu\u00e9e par le client. Quel que soit le mode de transport choisi, les marchandises voyagent aux risques et p\u00e9rils du client. La livraison sera effectu\u00e9e par La Poste Suisse ou par un service de messagerie, en respectant les d\u00e9lais de livraison fix\u00e9s de bonne foi et de la mani\u00e8re la plus pr\u00e9cise possible. Les livraisons seront effectu\u00e9es en fonction des disponibilit\u00e9s et de l&#8217;ordre de r\u00e9ception des commandes. Les produits non disponibles seront envoy\u00e9s ult\u00e9rieurement, aux frais de la Soci\u00e9t\u00e9, d\u00e8s qu&#8217;ils seront disponibles. Les frais d&#8217;envoi sont fix\u00e9s \u00e0 18 CHF, \u00e0 la charge du client. Toutefois, pour les commandes sup\u00e9rieures \u00e0 300 CHF, les frais de port sont gratuits.      <\/p>\n\n<p><strong>7. Retour des marchandises<\/strong> Le client dispose d&#8217;un d\u00e9lai de 7 jours ouvrables pour notifier \u00e0 la soci\u00e9t\u00e9 un d\u00e9faut technique ou une erreur dans l&#8217;article envoy\u00e9. La notification doit inclure le num\u00e9ro et la date de la facture et doit \u00eatre envoy\u00e9e par courrier \u00e9lectronique \u00e0 l&#8217;adresse suivante <a><strong>info@beautyproject.ch<\/strong><\/a>. La Soci\u00e9t\u00e9 n&#8217;acceptera que les produits non utilis\u00e9s, dans leur emballage d&#8217;origine et en parfait \u00e9tat de revente. Les frais d&#8217;exp\u00e9dition et les risques de retour sont \u00e0 la charge du client. Le retour des marchandises vous donne droit \u00e0 une note de cr\u00e9dit. Les cas exceptionnels sont soumis \u00e0 l&#8217;approbation de l&#8217;entreprise et font l&#8217;objet d&#8217;une taxe administrative de 20 francs suisses.     <\/p>\n\n<p><strong>8. Revente<\/strong> des produits Le client s&#8217;engage \u00e0 ne pas revendre les produits achet\u00e9s \u00e0 d&#8217;autres professionnels sans l&#8217;autorisation \u00e9crite de la soci\u00e9t\u00e9.<\/p>\n\n<p><strong>9. Responsabilit\u00e9<\/strong> Beauty Project of N. Ponti-Cometta n&#8217;est pas responsable des dommages r\u00e9sultant d&#8217;une mauvaise utilisation des produits achet\u00e9s. Tous les produits sont destin\u00e9s exclusivement aux clients professionnels qui poss\u00e8dent les exigences et les comp\u00e9tences n\u00e9cessaires \u00e0 leur utilisation. <\/p>\n\n<p><strong>10. Lieu de<\/strong> juridiction En cas de litige, le lieu de juridiction est Mendrisio, Suisse.<\/p>\n\n<p><strong>11. Informations sur les contacts<\/strong><\/p>\n\n<ul class=\"wp-block-list\">\n<li><strong>Nom de l&#8217;entreprise<\/strong>: Beauty Project by N. Ponti-Cometta<\/li>\n\n\n\n<li><strong>Adresse<\/strong>: Via Pozzetto 27d, 6855 Stabio, Suisse<\/li>\n\n\n\n<li><strong>Num\u00e9ro d&#8217;inscription au registre du commerce<\/strong>: CH-501.1.021.345-4<\/li>\n\n\n\n<li><strong>IDI\/IV<\/strong>: CHE-309,194,892<\/li>\n\n\n\n<li><strong>T\u00e9l\u00e9phone<\/strong>: +41 76 419 46 01<\/li>\n\n\n\n<li><strong>Email<\/strong>: <a>info@beautyproject.ch<\/a><\/li>\n<\/ul>\n","protected":false},"excerpt":{"rendered":"<p>1. Acceptation des conditions g\u00e9n\u00e9rales de vente Toutes les commandes pass\u00e9es par t\u00e9l\u00e9phone, par courrier \u00e9lectronique, par l&#8217;interm\u00e9diaire d&#8217;un de nos conseillers ou en ligne sont soumises aux pr\u00e9sentes conditions g\u00e9n\u00e9rales de vente. En passant commande, le client d\u00e9clare avoir lu, compris et accept\u00e9 les conditions sans r\u00e9serve. 2. Commandes Les \u00e9ventuelles modifications de la [&hellip;]<\/p>\n","protected":false},"author":2,"featured_media":0,"parent":0,"menu_order":0,"comment_status":"closed","ping_status":"closed","template":"","meta":{"_acf_changed":false,"_seopress_robots_primary_cat":"","_seopress_titles_title":"","_seopress_titles_desc":"","_seopress_robots_index":"","footnotes":""},"class_list":["post-5235","page","type-page","status-publish","hentry"],"acf":[],"jetpack_sharing_enabled":true,"_links":{"self":[{"href":"https:\/\/beautyproject.ch\/fr\/wp-json\/wp\/v2\/pages\/5235","targetHints":{"allow":["GET"]}}],"collection":[{"href":"https:\/\/beautyproject.ch\/fr\/wp-json\/wp\/v2\/pages"}],"about":[{"href":"https:\/\/beautyproject.ch\/fr\/wp-json\/wp\/v2\/types\/page"}],"author":[{"embeddable":true,"href":"https:\/\/beautyproject.ch\/fr\/wp-json\/wp\/v2\/users\/2"}],"replies":[{"embeddable":true,"href":"https:\/\/beautyproject.ch\/fr\/wp-json\/wp\/v2\/comments?post=5235"}],"version-history":[{"count":1,"href":"https:\/\/beautyproject.ch\/fr\/wp-json\/wp\/v2\/pages\/5235\/revisions"}],"predecessor-version":[{"id":5237,"href":"https:\/\/beautyproject.ch\/fr\/wp-json\/wp\/v2\/pages\/5235\/revisions\/5237"}],"wp:attachment":[{"href":"https:\/\/beautyproject.ch\/fr\/wp-json\/wp\/v2\/media?parent=5235"}],"curies":[{"name":"wp","href":"https:\/\/api.w.org\/{rel}","templated":true}]}}