{"id":5208,"date":"2024-10-25T10:12:29","date_gmt":"2024-10-25T08:12:29","guid":{"rendered":"https:\/\/beautyproject.ch\/impressum\/"},"modified":"2025-03-03T15:23:27","modified_gmt":"2025-03-03T14:23:27","slug":"impressum","status":"publish","type":"page","link":"https:\/\/beautyproject.ch\/fr\/impressum\/","title":{"rendered":"Impressum"},"content":{"rendered":"\n<p><strong>Nom de l&#8217;entreprise :<\/strong> Beauty Project di N. Ponti-Cometta<br\/><strong>Adresse :<\/strong> Via Pozzetto 27d, 6855 Stabio, Suisse<br\/><strong>Num\u00e9ro du registre du commerce :<\/strong> CH-501.1.021.345-4<br\/> IDI\/VAT<strong>:<\/strong> CHE-309.194.892<br\/><strong>T\u00e9l\u00e9phone :<\/strong> +41 76 419 46 01<br\/><strong>Email :<\/strong> <a>info@beautyproject.ch<\/a><\/p>\n\n<p><strong>Repr\u00e9sentant l\u00e9gal :<\/strong><br\/>Nisia Ponti-Cometta<\/p>\n\n<p><strong>Responsabilit\u00e9 du contenu<\/strong><br\/>Beauty Project di N. Ponti-Cometta s&#8217;efforce de maintenir les informations de ce site correctes et \u00e0 jour. Toutefois, nous d\u00e9clinons toute responsabilit\u00e9 quant \u00e0 l&#8217;exactitude, l&#8217;exhaustivit\u00e9 et l&#8217;actualit\u00e9 des contenus. Nous nous r\u00e9servons le droit de modifier le contenu du site \u00e0 tout moment et sans pr\u00e9avis.  <\/p>\n\n<p><strong>Responsabilit\u00e9 pour les contenus externes link <\/strong><br\/> Notre site peut contenir link des sites web externes de tiers, sur lesquels nous n&#8217;avons aucun contr\u00f4le. Nous n&#8217;acceptons donc aucune responsabilit\u00e9 pour ces contenus externes. La responsabilit\u00e9 du contenu des pages li\u00e9es incombe toujours aux fournisseurs ou exploitants respectifs des sites.  <\/p>\n\n<p><strong>Droit d&#8217;auteur<\/strong><br\/>Le contenu et les \u0153uvres de ce site web sont soumis \u00e0 la loi suisse sur le droit d&#8217;auteur. La reproduction, la modification, la distribution ou toute autre forme d&#8217;utilisation en dehors des limites du droit d&#8217;auteur n\u00e9cessitent l&#8217;accord \u00e9crit de l&#8217;auteur ou du cr\u00e9ateur respectif. Les copies et les t\u00e9l\u00e9chargements de ces pages ne sont autoris\u00e9s que pour un usage priv\u00e9 et non commercial.  <\/p>\n\n<p><strong>Lieu de juridiction<\/strong><br\/>En cas de litige, le lieu de juridiction est Mendrisio, Suisse.<\/p>\n\n<p><\/p>\n","protected":false},"excerpt":{"rendered":"<p>Nom de l&#8217;entreprise : Beauty Project di N. Ponti-ComettaAdresse : Via Pozzetto 27d, 6855 Stabio, SuisseNum\u00e9ro du registre du commerce : CH-501.1.021.345-4 IDI\/VAT: CHE-309.194.892T\u00e9l\u00e9phone : +41 76 419 46 01Email : info@beautyproject.ch Repr\u00e9sentant l\u00e9gal :Nisia Ponti-Cometta Responsabilit\u00e9 du contenuBeauty Project di N. Ponti-Cometta s&#8217;efforce de maintenir les informations de ce site correctes et \u00e0 jour. [&hellip;]<\/p>\n","protected":false},"author":2,"featured_media":0,"parent":0,"menu_order":0,"comment_status":"closed","ping_status":"closed","template":"","meta":{"_acf_changed":false,"_seopress_robots_primary_cat":"","_seopress_titles_title":"","_seopress_titles_desc":"","_seopress_robots_index":"","_seopress_analysis_target_kw":"","footnotes":""},"class_list":["post-5208","page","type-page","status-publish","hentry"],"acf":[],"jetpack_sharing_enabled":true,"_links":{"self":[{"href":"https:\/\/beautyproject.ch\/fr\/wp-json\/wp\/v2\/pages\/5208","targetHints":{"allow":["GET"]}}],"collection":[{"href":"https:\/\/beautyproject.ch\/fr\/wp-json\/wp\/v2\/pages"}],"about":[{"href":"https:\/\/beautyproject.ch\/fr\/wp-json\/wp\/v2\/types\/page"}],"author":[{"embeddable":true,"href":"https:\/\/beautyproject.ch\/fr\/wp-json\/wp\/v2\/users\/2"}],"replies":[{"embeddable":true,"href":"https:\/\/beautyproject.ch\/fr\/wp-json\/wp\/v2\/comments?post=5208"}],"version-history":[{"count":1,"href":"https:\/\/beautyproject.ch\/fr\/wp-json\/wp\/v2\/pages\/5208\/revisions"}],"predecessor-version":[{"id":5209,"href":"https:\/\/beautyproject.ch\/fr\/wp-json\/wp\/v2\/pages\/5208\/revisions\/5209"}],"wp:attachment":[{"href":"https:\/\/beautyproject.ch\/fr\/wp-json\/wp\/v2\/media?parent=5208"}],"curies":[{"name":"wp","href":"https:\/\/api.w.org\/{rel}","templated":true}]}}