{"id":8056,"date":"2025-10-26T11:28:03","date_gmt":"2025-10-26T10:28:03","guid":{"rendered":"https:\/\/beautyproject.ch\/?post_type=product&#038;p=8056"},"modified":"2025-10-26T11:31:06","modified_gmt":"2025-10-26T10:31:06","slug":"kinetics-handbody-lotion-sichuanpfefferzeder-250ml-copia","status":"publish","type":"product","link":"https:\/\/beautyproject.ch\/de\/prodotto\/kinetics-handbody-lotion-sichuanpfefferzeder-250ml-copia\/","title":{"rendered":"Kinetics Hand&amp;Body Lotion Sizilianische Orange&amp;Amber 250ml"},"content":{"rendered":"<p>Parf\u00fcm: Sizilianische Orange und Amber<\/p>\n<p>Parf\u00fcmierte Lotion von texture ultraleicht, angereichert mit Sheabutter, Vitamin E und \u00e4therischen \u00d6len aus Grasse, Frankreich. Feuchtigkeitsspendend 24 Stunden am Tag. <\/p>\n<p><strong>PERFUME<\/strong><\/p>\n<p>Ein weicher orientalischer Duft f\u00fcr den Alltag, der mit erfrischenden Kopfnoten von sizilianischer Orange und Zitrone \u00fcberrascht. S\u00fc\u00dfe, fruchtige Herznoten aus Jasmin und Erdbeere werden durch eine warme Basis aus wei\u00dfem Moschus, Amber und Vanille erg\u00e4nzt. <\/p>\n<p><strong>Kopfnoten<\/strong>: Sizilianische Orange, Kalabrische Bergamotte, Sizilianische Zitrone<\/p>\n<p><strong>Herznoten<\/strong>: Jasmin, Apfel, Pfirsich, Erdbeere<\/p>\n<p><strong>Basisnoten<\/strong>: Wei\u00dfer Moschus, Amber, Vanille, Tonkabohne, Karamell<\/p>\n<p><strong>Geruchsfamilie<\/strong>: Frisch<\/p>\n<p>&nbsp;<\/p>\n<p><strong>USE<\/strong><\/p>\n<p>Tragen Sie die Creme ein- bis zweimal t\u00e4glich auf die Handfl\u00e4chen und Arme auf und massieren Sie sie ein. Falls erforderlich, tragen Sie sie \u00f6fter auf. Die parf\u00fcmierte Lotion kann am ganzen K\u00f6rper verwendet werden.  <\/p>\n","protected":false},"excerpt":{"rendered":"<p>Parf\u00fcmierte Lotion von texture Ultraleicht, angereichert mit Sheabutter, Vitamin E und \u00e4therischen \u00d6len von Grasse, Frankreich.<\/p>\n<p>250mL<\/p>\n","protected":false},"featured_media":8062,"template":"","meta":{"_acf_changed":false,"_seopress_robots_primary_cat":"none","_seopress_titles_title":"","_seopress_titles_desc":"","_seopress_robots_index":"","_seopress_analysis_target_kw":""},"product_brand":[],"product_cat":[97],"product_tag":[],"class_list":{"0":"post-8056","1":"product","2":"type-product","3":"status-publish","4":"has-post-thumbnail","6":"product_cat-skin-care-de","8":"first","9":"instock","10":"taxable","11":"shipping-taxable","12":"purchasable","13":"product-type-simple"},"acf":[],"jetpack_sharing_enabled":true,"_links":{"self":[{"href":"https:\/\/beautyproject.ch\/de\/wp-json\/wp\/v2\/product\/8056","targetHints":{"allow":["GET"]}}],"collection":[{"href":"https:\/\/beautyproject.ch\/de\/wp-json\/wp\/v2\/product"}],"about":[{"href":"https:\/\/beautyproject.ch\/de\/wp-json\/wp\/v2\/types\/product"}],"wp:featuredmedia":[{"embeddable":true,"href":"https:\/\/beautyproject.ch\/de\/wp-json\/wp\/v2\/media\/8062"}],"wp:attachment":[{"href":"https:\/\/beautyproject.ch\/de\/wp-json\/wp\/v2\/media?parent=8056"}],"wp:term":[{"taxonomy":"product_brand","embeddable":true,"href":"https:\/\/beautyproject.ch\/de\/wp-json\/wp\/v2\/product_brand?post=8056"},{"taxonomy":"product_cat","embeddable":true,"href":"https:\/\/beautyproject.ch\/de\/wp-json\/wp\/v2\/product_cat?post=8056"},{"taxonomy":"product_tag","embeddable":true,"href":"https:\/\/beautyproject.ch\/de\/wp-json\/wp\/v2\/product_tag?post=8056"}],"curies":[{"name":"wp","href":"https:\/\/api.w.org\/{rel}","templated":true}]}}