{"id":7509,"date":"2024-10-21T08:44:18","date_gmt":"2024-10-21T06:44:18","guid":{"rendered":"https:\/\/beautyproject.ch\/prodotto\/kinetics-orange-blossomginger-lotion-950-ml\/"},"modified":"2025-05-08T15:24:44","modified_gmt":"2025-05-08T13:24:44","slug":"kinetics-orange-blossomginger-lotion-950-ml","status":"publish","type":"product","link":"https:\/\/beautyproject.ch\/de\/prodotto\/kinetics-orange-blossomginger-lotion-950-ml\/","title":{"rendered":"Kinetics Orange Blossom&amp;Ginger Lotion 950 ml"},"content":{"rendered":"<p>Duft: Orangenbl\u00fcte und Ingwer<\/p>\n<p>Parf\u00fcmierte Lotion von texture ultraleicht, angereichert mit Sheabutter, Vitamin E und \u00e4therischen \u00d6len aus Grasse, Frankreich. Feuchtigkeitsspendend 24 Stunden am Tag. <\/p>\n<p><strong>PERFUME<\/strong><\/p>\n<p>Ein erfrischender Duft mit einer Kopfnote aus Orangenbl\u00fcte und w\u00fcrzigem Ingwer in der Herznote. Mit Zedernholz und wei\u00dfem Moschus in der Basisnote kombiniert dieser Duft s\u00fc\u00dfe und w\u00fcrzige Noten mit einem holzigen Unterton, der zu jeder Gelegenheit passt. <\/p>\n<p><strong>Kopfnoten<\/strong>: Orangenbl\u00fcte.<\/p>\n<p><strong>Herznote<\/strong>: Ingwer.<\/p>\n<p><strong>Basisnoten<\/strong>: Zedernholz, Wei\u00dfer Moschus.<\/p>\n<p><strong>Geruchsfamilie<\/strong>: Frisch<\/p>\n<p><strong>USE<\/strong><\/p>\n<p>Tragen Sie die Creme ein- bis zweimal t\u00e4glich auf die Handfl\u00e4chen und Arme auf und massieren Sie sie ein. Falls erforderlich, tragen Sie sie \u00f6fter auf. Die parf\u00fcmierte Lotion kann am ganzen K\u00f6rper verwendet werden.  <\/p>\n","protected":false},"excerpt":{"rendered":"<p>Parf\u00fcmierte Lotion von texture Ultraleicht, angereichert mit Sheabutter, Vitamin E und \u00e4therischen \u00d6len von Grasse, Frankreich.<\/p>\n<p>950mL<\/p>\n","protected":false},"featured_media":4694,"template":"","meta":{"_acf_changed":false,"_seopress_robots_primary_cat":"","_seopress_titles_title":"","_seopress_titles_desc":"","_seopress_robots_index":"","_seopress_analysis_target_kw":""},"product_brand":[],"product_cat":[97],"product_tag":[],"class_list":{"0":"post-7509","1":"product","2":"type-product","3":"status-publish","4":"has-post-thumbnail","6":"product_cat-skin-care-de","8":"first","9":"instock","10":"taxable","11":"shipping-taxable","12":"purchasable","13":"product-type-simple"},"acf":[],"jetpack_sharing_enabled":true,"_links":{"self":[{"href":"https:\/\/beautyproject.ch\/de\/wp-json\/wp\/v2\/product\/7509","targetHints":{"allow":["GET"]}}],"collection":[{"href":"https:\/\/beautyproject.ch\/de\/wp-json\/wp\/v2\/product"}],"about":[{"href":"https:\/\/beautyproject.ch\/de\/wp-json\/wp\/v2\/types\/product"}],"wp:featuredmedia":[{"embeddable":true,"href":"https:\/\/beautyproject.ch\/de\/wp-json\/wp\/v2\/media\/4694"}],"wp:attachment":[{"href":"https:\/\/beautyproject.ch\/de\/wp-json\/wp\/v2\/media?parent=7509"}],"wp:term":[{"taxonomy":"product_brand","embeddable":true,"href":"https:\/\/beautyproject.ch\/de\/wp-json\/wp\/v2\/product_brand?post=7509"},{"taxonomy":"product_cat","embeddable":true,"href":"https:\/\/beautyproject.ch\/de\/wp-json\/wp\/v2\/product_cat?post=7509"},{"taxonomy":"product_tag","embeddable":true,"href":"https:\/\/beautyproject.ch\/de\/wp-json\/wp\/v2\/product_tag?post=7509"}],"curies":[{"name":"wp","href":"https:\/\/api.w.org\/{rel}","templated":true}]}}