{"id":7501,"date":"2024-10-21T08:44:18","date_gmt":"2024-10-21T06:44:18","guid":{"rendered":"https:\/\/beautyproject.ch\/prodotto\/kinetics-handbody-lotion-jasminewhite-musk-250ml\/"},"modified":"2024-10-21T08:44:18","modified_gmt":"2024-10-21T06:44:18","slug":"kinetics-handbody-lotion-jasminewhite-musk-250ml","status":"publish","type":"product","link":"https:\/\/beautyproject.ch\/de\/prodotto\/kinetics-handbody-lotion-jasminewhite-musk-250ml\/","title":{"rendered":"Kinetics Hand&amp;Body Lotion Jasmine&amp;White Musk 250ml"},"content":{"rendered":"<p>Duft: Jasmin und wei\u00dfer Moschus<\/p>\n<p>Parf\u00fcmierte Lotion von texture ultraleicht, angereichert mit Sheabutter, Vitamin E und \u00e4therischen \u00d6len aus Grasse, Frankreich. Feuchtigkeitsspendend 24 Stunden am Tag. <\/p>\n<p><strong>PERFUME<\/strong><\/p>\n<p>Ein weicher, blumiger Duft, der die Tr\u00e4gerin in ein s\u00fc\u00dfes, fruchtiges Aroma h\u00fcllt, perfekt f\u00fcr den Sommer. Das subtile krautige Vetyver und Zedernholz in der Herznote verleihen diesem Duft zusammen mit der Endnote aus wei\u00dfem Moschus und Vanille eine warme und sinnliche Note. <\/p>\n<p><strong>Kopfnoten<\/strong>: Sommerfr\u00fcchte, Beeren.<\/p>\n<p><strong>Herznote<\/strong>: Krautiges Vetyver, Zedernholz.<\/p>\n<p><strong>Basisnoten<\/strong>: Wei\u00dfer Moschus, Vanille.<\/p>\n<p><strong>Riechende Familie<\/strong>: Blumig<\/p>\n<p>&nbsp;<\/p>\n<p><strong>USE<\/strong><\/p>\n<p>Tragen Sie die Creme ein- bis zweimal t\u00e4glich auf die Handfl\u00e4chen und Arme auf und massieren Sie sie ein. Falls erforderlich, tragen Sie sie \u00f6fter auf. Die parf\u00fcmierte Lotion kann am ganzen K\u00f6rper verwendet werden.  <\/p>\n","protected":false},"excerpt":{"rendered":"<p>Parf\u00fcmierte Lotion von texture Ultraleicht, angereichert mit Sheabutter, Vitamin E und \u00e4therischen \u00d6len von Grasse, Frankreich.<\/p>\n<p>250mL<\/p>\n","protected":false},"featured_media":4703,"template":"","meta":{"_acf_changed":false,"_seopress_robots_primary_cat":"","_seopress_titles_title":"","_seopress_titles_desc":"","_seopress_robots_index":""},"product_brand":[],"product_cat":[97],"product_tag":[],"class_list":{"0":"post-7501","1":"product","2":"type-product","3":"status-publish","4":"has-post-thumbnail","6":"product_cat-skin-care-de","8":"first","9":"instock","10":"taxable","11":"shipping-taxable","12":"purchasable","13":"product-type-simple"},"acf":[],"jetpack_sharing_enabled":true,"_links":{"self":[{"href":"https:\/\/beautyproject.ch\/de\/wp-json\/wp\/v2\/product\/7501","targetHints":{"allow":["GET"]}}],"collection":[{"href":"https:\/\/beautyproject.ch\/de\/wp-json\/wp\/v2\/product"}],"about":[{"href":"https:\/\/beautyproject.ch\/de\/wp-json\/wp\/v2\/types\/product"}],"wp:featuredmedia":[{"embeddable":true,"href":"https:\/\/beautyproject.ch\/de\/wp-json\/wp\/v2\/media\/4703"}],"wp:attachment":[{"href":"https:\/\/beautyproject.ch\/de\/wp-json\/wp\/v2\/media?parent=7501"}],"wp:term":[{"taxonomy":"product_brand","embeddable":true,"href":"https:\/\/beautyproject.ch\/de\/wp-json\/wp\/v2\/product_brand?post=7501"},{"taxonomy":"product_cat","embeddable":true,"href":"https:\/\/beautyproject.ch\/de\/wp-json\/wp\/v2\/product_cat?post=7501"},{"taxonomy":"product_tag","embeddable":true,"href":"https:\/\/beautyproject.ch\/de\/wp-json\/wp\/v2\/product_tag?post=7501"}],"curies":[{"name":"wp","href":"https:\/\/api.w.org\/{rel}","templated":true}]}}