{"id":7498,"date":"2024-10-21T08:44:18","date_gmt":"2024-10-21T06:44:18","guid":{"rendered":"https:\/\/beautyproject.ch\/prodotto\/kinetics-hibiscusrose-water-lotion-950-ml\/"},"modified":"2025-05-08T15:24:38","modified_gmt":"2025-05-08T13:24:38","slug":"kinetics-hibiscusrose-water-lotion-950-ml","status":"publish","type":"product","link":"https:\/\/beautyproject.ch\/de\/prodotto\/kinetics-hibiscusrose-water-lotion-950-ml\/","title":{"rendered":"Kinetics Hibiscus&amp;Rose Water Lotion 950 ml"},"content":{"rendered":"<p>Parf\u00fcm: Hibiskus und Rosenwasser<\/p>\n<p>Parf\u00fcmierte Lotion von texture ultraleicht, angereichert mit Sheabutter, Vitamin E und \u00e4therischen \u00d6len aus Grasse, Frankreich. Feuchtigkeitsspendend 24 Stunden am Tag. <\/p>\n<p><strong>PERFUME<\/strong><\/p>\n<p>F\u00fcr Liebhaber klassischer, blumiger D\u00fcfte bietet dieser Duft eine wunderbare Kombination aus fruchtigen und blumigen Noten. Er er\u00f6ffnet sein Bouquet mit Rose und Pfirsich. Hibiskus und Jasmin begeistern in der Herznote, w\u00e4hrend Vanille und Vetyver dem Duft Tiefe verleihen. <\/p>\n<p><strong>Kopfnoten<\/strong>: Rose, Pfirsich, Schwarze Johannisbeere.<\/p>\n<p><strong>Herznote<\/strong>: Hibiskus, Lilie, Jasmin.<\/p>\n<p><strong>Basisnoten<\/strong>: Vanille, Ambrette, Vetyver.<\/p>\n<p><strong>Riechende Familie<\/strong>: Blumig<\/p>\n<p>&nbsp;<\/p>\n<p><strong>USE<\/strong><\/p>\n<p>Tragen Sie die Creme ein- bis zweimal t\u00e4glich auf die Handfl\u00e4chen und Arme auf und massieren Sie sie ein. Falls erforderlich, tragen Sie sie \u00f6fter auf. Die parf\u00fcmierte Lotion kann am ganzen K\u00f6rper verwendet werden.  <\/p>\n","protected":false},"excerpt":{"rendered":"<p>Parf\u00fcmierte Lotion von texture Ultraleicht, angereichert mit Sheabutter, Vitamin E und \u00e4therischen \u00d6len von Grasse, Frankreich.<\/p>\n<p>950mL<\/p>\n","protected":false},"featured_media":4700,"template":"","meta":{"_acf_changed":false,"_seopress_robots_primary_cat":"","_seopress_titles_title":"","_seopress_titles_desc":"","_seopress_robots_index":""},"product_brand":[],"product_cat":[97],"product_tag":[],"class_list":{"0":"post-7498","1":"product","2":"type-product","3":"status-publish","4":"has-post-thumbnail","6":"product_cat-skin-care-de","8":"first","9":"instock","10":"taxable","11":"shipping-taxable","12":"purchasable","13":"product-type-simple"},"acf":[],"jetpack_sharing_enabled":true,"_links":{"self":[{"href":"https:\/\/beautyproject.ch\/de\/wp-json\/wp\/v2\/product\/7498","targetHints":{"allow":["GET"]}}],"collection":[{"href":"https:\/\/beautyproject.ch\/de\/wp-json\/wp\/v2\/product"}],"about":[{"href":"https:\/\/beautyproject.ch\/de\/wp-json\/wp\/v2\/types\/product"}],"wp:featuredmedia":[{"embeddable":true,"href":"https:\/\/beautyproject.ch\/de\/wp-json\/wp\/v2\/media\/4700"}],"wp:attachment":[{"href":"https:\/\/beautyproject.ch\/de\/wp-json\/wp\/v2\/media?parent=7498"}],"wp:term":[{"taxonomy":"product_brand","embeddable":true,"href":"https:\/\/beautyproject.ch\/de\/wp-json\/wp\/v2\/product_brand?post=7498"},{"taxonomy":"product_cat","embeddable":true,"href":"https:\/\/beautyproject.ch\/de\/wp-json\/wp\/v2\/product_cat?post=7498"},{"taxonomy":"product_tag","embeddable":true,"href":"https:\/\/beautyproject.ch\/de\/wp-json\/wp\/v2\/product_tag?post=7498"}],"curies":[{"name":"wp","href":"https:\/\/api.w.org\/{rel}","templated":true}]}}