{"id":7472,"date":"2024-10-21T08:44:19","date_gmt":"2024-10-21T06:44:19","guid":{"rendered":"https:\/\/beautyproject.ch\/prodotto\/kinetics-handbody-lotion-amber-vanilla-250ml\/"},"modified":"2024-10-21T08:44:19","modified_gmt":"2024-10-21T06:44:19","slug":"kinetics-handbody-lotion-amber-vanilla-250ml","status":"publish","type":"product","link":"https:\/\/beautyproject.ch\/de\/prodotto\/kinetics-handbody-lotion-amber-vanilla-250ml\/","title":{"rendered":"Kinetics Hand&amp;Body Lotion Amber &amp;Vanilla 250ml"},"content":{"rendered":"<p>Duft: Amber und Vanille<\/p>\n<p>Parf\u00fcmierte Lotion von texture ultraleicht, angereichert mit Sheabutter, Vitamin E und \u00e4therischen \u00d6len aus Grasse, Frankreich. Feuchtigkeitsspendend 24 Stunden am Tag. <\/p>\n<p><strong>PERFUME<\/strong><\/p>\n<p>Ein weicher orientalischer Duft, der mit einem erfrischenden, spritzigen Ausbruch von Orange und Bergamotte er\u00f6ffnet. Die Herznote aus t\u00fcrkischer Rose und Jasmin verleiht dem Duft eine feminine Note, w\u00e4hrend wei\u00dfer Moschus und Vanille die Basisnote sinnlich machen. <\/p>\n<p><strong>Kopfnoten<\/strong>: Orange, Orangenbl\u00fcte, Bergamotte.<\/p>\n<p><strong>Herznote<\/strong>: Mimose, T\u00fcrkische Rose, Jasmin.<\/p>\n<p><strong>Basisnoten<\/strong>: Patchouly, Vanille, Vetyver, Wei\u00dfer Moschus.<\/p>\n<p><strong>Riechende Familie<\/strong>: Orientalisch<\/p>\n<p>&nbsp;<\/p>\n<p><strong>USE<\/strong><\/p>\n<p>Tragen Sie die Creme ein- bis zweimal t\u00e4glich auf die Handfl\u00e4chen und Arme auf und massieren Sie sie ein. Falls erforderlich, tragen Sie sie \u00f6fter auf. Die parf\u00fcmierte Lotion kann am ganzen K\u00f6rper verwendet werden.  <\/p>\n","protected":false},"excerpt":{"rendered":"<p>Parf\u00fcmierte Lotion von texture Ultraleicht, angereichert mit Sheabutter, Vitamin E und \u00e4therischen \u00d6len von Grasse, Frankreich.<\/p>\n<p>250mL<\/p>\n","protected":false},"featured_media":4733,"template":"","meta":{"_acf_changed":false,"_seopress_robots_primary_cat":"","_seopress_titles_title":"","_seopress_titles_desc":"","_seopress_robots_index":""},"product_brand":[],"product_cat":[97],"product_tag":[],"class_list":{"0":"post-7472","1":"product","2":"type-product","3":"status-publish","4":"has-post-thumbnail","6":"product_cat-skin-care-de","8":"first","9":"instock","10":"taxable","11":"shipping-taxable","12":"purchasable","13":"product-type-simple"},"acf":[],"jetpack_sharing_enabled":true,"_links":{"self":[{"href":"https:\/\/beautyproject.ch\/de\/wp-json\/wp\/v2\/product\/7472","targetHints":{"allow":["GET"]}}],"collection":[{"href":"https:\/\/beautyproject.ch\/de\/wp-json\/wp\/v2\/product"}],"about":[{"href":"https:\/\/beautyproject.ch\/de\/wp-json\/wp\/v2\/types\/product"}],"wp:featuredmedia":[{"embeddable":true,"href":"https:\/\/beautyproject.ch\/de\/wp-json\/wp\/v2\/media\/4733"}],"wp:attachment":[{"href":"https:\/\/beautyproject.ch\/de\/wp-json\/wp\/v2\/media?parent=7472"}],"wp:term":[{"taxonomy":"product_brand","embeddable":true,"href":"https:\/\/beautyproject.ch\/de\/wp-json\/wp\/v2\/product_brand?post=7472"},{"taxonomy":"product_cat","embeddable":true,"href":"https:\/\/beautyproject.ch\/de\/wp-json\/wp\/v2\/product_cat?post=7472"},{"taxonomy":"product_tag","embeddable":true,"href":"https:\/\/beautyproject.ch\/de\/wp-json\/wp\/v2\/product_tag?post=7472"}],"curies":[{"name":"wp","href":"https:\/\/api.w.org\/{rel}","templated":true}]}}