{"id":7467,"date":"2024-10-21T08:44:19","date_gmt":"2024-10-21T06:44:19","guid":{"rendered":"https:\/\/beautyproject.ch\/prodotto\/kinetics-handbody-lotion-pomegranatepink-pepper-250ml\/"},"modified":"2024-10-21T08:44:19","modified_gmt":"2024-10-21T06:44:19","slug":"kinetics-handbody-lotion-pomegranatepink-pepper-250ml","status":"publish","type":"product","link":"https:\/\/beautyproject.ch\/de\/prodotto\/kinetics-handbody-lotion-pomegranatepink-pepper-250ml\/","title":{"rendered":"Kinetics Hand&amp;Body Lotion Pomegranate&amp;Pink Pepper 250ml"},"content":{"rendered":"<p>Parf\u00fcm: Granatapfel und rosa Pfeffer<\/p>\n<p>Parf\u00fcmierte Lotion von texture ultraleicht, angereichert mit Sheabutter, Vitamin E und \u00e4therischen \u00d6len aus Grasse, Frankreich. Feuchtigkeitsspendend 24 Stunden am Tag. <\/p>\n<p><strong>PERFUME<\/strong><\/p>\n<p>Orientalischer Duft, perfekt f\u00fcr einen romantischen Abend. Er er\u00f6ffnet mit fruchtigen und s\u00fc\u00dfen Noten wie Himbeere und Pflaume. Warme und w\u00fcrzige Herznoten aus rosa Pfeffer, Jasmin und Rose werden durch holzige und moschusartige Noten von Virginia-Zeder im Ausklang dieses einzigartigen Duftes ausgeglichen.  <\/p>\n<p><strong>Kopfnoten<\/strong>: Granatapfel, Himbeere, Pflaume.<\/p>\n<p><strong>Herznote<\/strong>: Rosa Pfeffer, Jasmin, Rose.<\/p>\n<p><strong>Basisnoten<\/strong>: Virginia-Zeder, Patchouly, Moschus.<\/p>\n<p><strong>Riechende Familie<\/strong>: Orientalisch<\/p>\n<p>&nbsp;<\/p>\n<p><strong>USE<\/strong><\/p>\n<p>Tragen Sie die Creme ein- bis zweimal t\u00e4glich auf die Handfl\u00e4chen und Arme auf und massieren Sie sie ein. Falls erforderlich, tragen Sie sie \u00f6fter auf. Die parf\u00fcmierte Lotion kann am ganzen K\u00f6rper verwendet werden.  <\/p>\n","protected":false},"excerpt":{"rendered":"<p>Parf\u00fcmierte Lotion von texture Ultraleicht, angereichert mit Sheabutter, Vitamin E und \u00e4therischen \u00d6len von Grasse, Frankreich.<\/p>\n<p>250mL<\/p>\n","protected":false},"featured_media":4730,"template":"","meta":{"_acf_changed":false,"_seopress_robots_primary_cat":"","_seopress_titles_title":"","_seopress_titles_desc":"","_seopress_robots_index":"","_seopress_analysis_target_kw":""},"product_brand":[],"product_cat":[97],"product_tag":[],"class_list":{"0":"post-7467","1":"product","2":"type-product","3":"status-publish","4":"has-post-thumbnail","6":"product_cat-skin-care-de","8":"first","9":"instock","10":"taxable","11":"shipping-taxable","12":"purchasable","13":"product-type-simple"},"acf":[],"jetpack_sharing_enabled":true,"_links":{"self":[{"href":"https:\/\/beautyproject.ch\/de\/wp-json\/wp\/v2\/product\/7467","targetHints":{"allow":["GET"]}}],"collection":[{"href":"https:\/\/beautyproject.ch\/de\/wp-json\/wp\/v2\/product"}],"about":[{"href":"https:\/\/beautyproject.ch\/de\/wp-json\/wp\/v2\/types\/product"}],"wp:featuredmedia":[{"embeddable":true,"href":"https:\/\/beautyproject.ch\/de\/wp-json\/wp\/v2\/media\/4730"}],"wp:attachment":[{"href":"https:\/\/beautyproject.ch\/de\/wp-json\/wp\/v2\/media?parent=7467"}],"wp:term":[{"taxonomy":"product_brand","embeddable":true,"href":"https:\/\/beautyproject.ch\/de\/wp-json\/wp\/v2\/product_brand?post=7467"},{"taxonomy":"product_cat","embeddable":true,"href":"https:\/\/beautyproject.ch\/de\/wp-json\/wp\/v2\/product_cat?post=7467"},{"taxonomy":"product_tag","embeddable":true,"href":"https:\/\/beautyproject.ch\/de\/wp-json\/wp\/v2\/product_tag?post=7467"}],"curies":[{"name":"wp","href":"https:\/\/api.w.org\/{rel}","templated":true}]}}