{"id":7444,"date":"2024-10-21T08:44:20","date_gmt":"2024-10-21T06:44:20","guid":{"rendered":"https:\/\/beautyproject.ch\/prodotto\/kinetics-perfumed-lotion-patchouly-vetyver-250ml\/"},"modified":"2025-05-09T11:21:59","modified_gmt":"2025-05-09T09:21:59","slug":"kinetics-perfumed-lotion-patchouly-vetyver-250ml","status":"publish","type":"product","link":"https:\/\/beautyproject.ch\/de\/prodotto\/kinetics-perfumed-lotion-patchouly-vetyver-250ml\/","title":{"rendered":"Kinetics Perfumed Lotion Patchouly &amp; Vetyver 250ml"},"content":{"rendered":"<p>Parf\u00fcm: Patchouli und Vetyver<\/p>\n<p>Parf\u00fcmierte Lotion von texture ultraleicht, angereichert mit Sheabutter, Vitamin E und \u00e4therischen \u00d6len aus Grasse, Frankreich. Feuchtigkeitsspendend 24 Stunden am Tag. <\/p>\n<p><strong>PERFUME<\/strong><\/p>\n<p>Eine fesselnde Mischung aus den Kopfnoten von Marshmallow und Bergamotte-Orange, verwoben mit den Herznoten von Jasmin und Zedernholz. Anhaltende Schlussnoten aus Tonkabohne, Vanille und wei\u00dfem Moschus schaffen einen harmonischen Duft, der s\u00fc\u00dfe und w\u00fcrzige T\u00f6ne mit einem warmen, holzigen Unterton f\u00fcr jede Gelegenheit ausbalanciert. <\/p>\n<p><strong>Kopfnoten<\/strong>: Marshmallow, Kaffee, Bergamotte-Orange, Orangenbl\u00fcte<\/p>\n<p><strong>Herznote<\/strong>: Jasmin, Freesie, Patchouli, Zedernholz, Sandelholz.<\/p>\n<p><strong>Basisnoten<\/strong>: Tonkabohne, Vanille, Vetyver, Wei\u00dfer Moschus, Amber.<\/p>\n<p><strong>Riechende Familie<\/strong>: Orientalisch<\/p>\n<p>&nbsp;<\/p>\n<p><strong>USE<\/strong><\/p>\n<p>Tragen Sie die Creme ein- bis zweimal t\u00e4glich auf die Handfl\u00e4chen und Arme auf und massieren Sie sie ein. Falls erforderlich, tragen Sie sie \u00f6fter auf. Die parf\u00fcmierte Lotion kann am ganzen K\u00f6rper verwendet werden.  <\/p>\n","protected":false},"excerpt":{"rendered":"<p>Parf\u00fcmierte Lotion von texture Ultraleicht, angereichert mit Sheabutter, Vitamin E und \u00e4therischen \u00d6len von Grasse, Frankreich.<\/p>\n<p>250mL<\/p>\n","protected":false},"featured_media":4757,"template":"","meta":{"_acf_changed":false,"_seopress_robots_primary_cat":"","_seopress_titles_title":"","_seopress_titles_desc":"","_seopress_robots_index":"","_seopress_analysis_target_kw":""},"product_brand":[],"product_cat":[97],"product_tag":[],"class_list":{"0":"post-7444","1":"product","2":"type-product","3":"status-publish","4":"has-post-thumbnail","6":"product_cat-skin-care-de","8":"first","9":"instock","10":"taxable","11":"shipping-taxable","12":"purchasable","13":"product-type-simple"},"acf":[],"jetpack_sharing_enabled":true,"_links":{"self":[{"href":"https:\/\/beautyproject.ch\/de\/wp-json\/wp\/v2\/product\/7444","targetHints":{"allow":["GET"]}}],"collection":[{"href":"https:\/\/beautyproject.ch\/de\/wp-json\/wp\/v2\/product"}],"about":[{"href":"https:\/\/beautyproject.ch\/de\/wp-json\/wp\/v2\/types\/product"}],"wp:featuredmedia":[{"embeddable":true,"href":"https:\/\/beautyproject.ch\/de\/wp-json\/wp\/v2\/media\/4757"}],"wp:attachment":[{"href":"https:\/\/beautyproject.ch\/de\/wp-json\/wp\/v2\/media?parent=7444"}],"wp:term":[{"taxonomy":"product_brand","embeddable":true,"href":"https:\/\/beautyproject.ch\/de\/wp-json\/wp\/v2\/product_brand?post=7444"},{"taxonomy":"product_cat","embeddable":true,"href":"https:\/\/beautyproject.ch\/de\/wp-json\/wp\/v2\/product_cat?post=7444"},{"taxonomy":"product_tag","embeddable":true,"href":"https:\/\/beautyproject.ch\/de\/wp-json\/wp\/v2\/product_tag?post=7444"}],"curies":[{"name":"wp","href":"https:\/\/api.w.org\/{rel}","templated":true}]}}