{"id":7429,"date":"2024-10-21T08:44:20","date_gmt":"2024-10-21T06:44:20","guid":{"rendered":"https:\/\/beautyproject.ch\/prodotto\/kinetics-professional-hand-care-luxury-lifting-cream-150ml\/"},"modified":"2025-05-09T11:22:00","modified_gmt":"2025-05-09T09:22:00","slug":"kinetics-professional-hand-care-luxury-lifting-cream-150ml","status":"publish","type":"product","link":"https:\/\/beautyproject.ch\/de\/prodotto\/kinetics-professional-hand-care-luxury-lifting-cream-150ml\/","title":{"rendered":"Kinetics Professional Hand Care Luxury Lifting Cream 150ml"},"content":{"rendered":"<section id=\"wrapper\">\n<div id=\"inner-wrapper\" class=\"container\">\n<div id=\"content-wrapper\" class=\"js-content-wrapper\">\n<section id=\"main\">\n<div id=\"main-product-wrapper\" class=\"product-container js-product-container\">\n<div class=\"tabs product-tabs\">\n<div id=\"product-infos-tabs-content\" class=\"tab-content\">\n<div id=\"description\" class=\"tab-pane in active\">\n<div class=\"product-description\">\n<div class=\"rte-content\">\n<p>Die Creme hat eine leichte Konsistenz und sorgt f\u00fcr ein strahlenderes, glatteres und j\u00fcngeres Aussehen.<\/p>\n<p><strong>AKTIVE BESTANDTEILE<\/strong><\/p>\n<p>Hyalurons\u00e4ure: spendet intensive Feuchtigkeit, erh\u00f6ht die allgemeine Ausstrahlung der Haut und mindert sofort die sichtbaren Zeichen der Hautalterung.<\/p>\n<p>Sheabutter: n\u00e4hrt die Haut und macht sie weich.<\/p>\n<p>Anwendung: Tragen Sie eine kleine Menge der Creme auf beide H\u00e4nde auf. Massieren Sie sie in die Haut ein, bis sie vollst\u00e4ndig eingezogen ist. F\u00fcr die t\u00e4gliche Anwendung geeignet.  <\/p>\n<\/div>\n<\/div>\n<\/div>\n<\/div>\n<\/div>\n<\/div>\n<\/section>\n<\/div>\n<\/div>\n<\/section>\n","protected":false},"excerpt":{"rendered":"<p>Feuchtigkeitsspendende und aufpolsternde Handcreme.<\/p>\n<p>150mL<\/p>\n","protected":false},"featured_media":4769,"template":"","meta":{"_acf_changed":false,"_seopress_robots_primary_cat":"","_seopress_titles_title":"","_seopress_titles_desc":"","_seopress_robots_index":"","_seopress_analysis_target_kw":""},"product_brand":[],"product_cat":[97],"product_tag":[],"class_list":{"0":"post-7429","1":"product","2":"type-product","3":"status-publish","4":"has-post-thumbnail","6":"product_cat-skin-care-de","8":"first","9":"instock","10":"taxable","11":"shipping-taxable","12":"purchasable","13":"product-type-simple"},"acf":[],"jetpack_sharing_enabled":true,"_links":{"self":[{"href":"https:\/\/beautyproject.ch\/de\/wp-json\/wp\/v2\/product\/7429","targetHints":{"allow":["GET"]}}],"collection":[{"href":"https:\/\/beautyproject.ch\/de\/wp-json\/wp\/v2\/product"}],"about":[{"href":"https:\/\/beautyproject.ch\/de\/wp-json\/wp\/v2\/types\/product"}],"wp:featuredmedia":[{"embeddable":true,"href":"https:\/\/beautyproject.ch\/de\/wp-json\/wp\/v2\/media\/4769"}],"wp:attachment":[{"href":"https:\/\/beautyproject.ch\/de\/wp-json\/wp\/v2\/media?parent=7429"}],"wp:term":[{"taxonomy":"product_brand","embeddable":true,"href":"https:\/\/beautyproject.ch\/de\/wp-json\/wp\/v2\/product_brand?post=7429"},{"taxonomy":"product_cat","embeddable":true,"href":"https:\/\/beautyproject.ch\/de\/wp-json\/wp\/v2\/product_cat?post=7429"},{"taxonomy":"product_tag","embeddable":true,"href":"https:\/\/beautyproject.ch\/de\/wp-json\/wp\/v2\/product_tag?post=7429"}],"curies":[{"name":"wp","href":"https:\/\/api.w.org\/{rel}","templated":true}]}}