{"id":7348,"date":"2024-10-21T08:44:22","date_gmt":"2024-10-21T06:44:22","guid":{"rendered":"https:\/\/beautyproject.ch\/prodotto\/kinetics-pedicure-light-foot-cream-150ml\/"},"modified":"2025-08-17T17:37:18","modified_gmt":"2025-08-17T15:37:18","slug":"kinetics-pedicure-light-foot-cream-150ml","status":"publish","type":"product","link":"https:\/\/beautyproject.ch\/de\/prodotto\/kinetics-pedicure-light-foot-cream-150ml\/","title":{"rendered":"Kinetics Pedicure Light-Foot Cream 150ml"},"content":{"rendered":"<p class=\"p1\">Eine Creme mit erfrischender Wirkung, dank der Anwesenheit von Koffein und Menthol. Wirkt gegen das Gef\u00fchl der Schwere. Ihre seidige Textur eignet sich auch f\u00fcr Massagen.  <\/p>\n<p>&#8211; Koffein reduziert geschwollene F\u00fc\u00dfe sichtbar: es regt die Blut- und Lymphzirkulation an und hilft, \u00fcbersch\u00fcssige Feuchtigkeit und Fett aus den Zellen zu entfernen, die Haut zu gl\u00e4tten und geschwollene Beine zu reduzieren;<br \/>\n&#8211; Menthol steigert die Blutzirkulation f\u00fcr ein leichteres Gef\u00fchl in den F\u00fc\u00dfen: es verbessert die Mikrozirkulation und sorgt f\u00fcr ein k\u00fchles Gef\u00fchl, das Schwellungen reduziert und den F\u00fc\u00dfen ein leichtes Gef\u00fchl verleiht;<br \/>\n&#8211; Seidige, nicht klebrige Textur, die sich zur Massage eignet.<\/p>\n<p>Geeignet f\u00fcr Diabetiker.<\/p>\n","protected":false},"excerpt":{"rendered":"<p>Feuchtigkeitsspendende und erfrischende Fu\u00dfcreme.<\/p>\n<p>150mL<\/p>\n","protected":false},"featured_media":4781,"template":"","meta":{"_acf_changed":false,"_seopress_robots_primary_cat":"none","_seopress_titles_title":"","_seopress_titles_desc":"","_seopress_robots_index":""},"product_brand":[],"product_cat":[97],"product_tag":[],"class_list":{"0":"post-7348","1":"product","2":"type-product","3":"status-publish","4":"has-post-thumbnail","6":"product_cat-skin-care-de","8":"first","9":"instock","10":"taxable","11":"shipping-taxable","12":"purchasable","13":"product-type-simple"},"acf":[],"jetpack_sharing_enabled":true,"_links":{"self":[{"href":"https:\/\/beautyproject.ch\/de\/wp-json\/wp\/v2\/product\/7348","targetHints":{"allow":["GET"]}}],"collection":[{"href":"https:\/\/beautyproject.ch\/de\/wp-json\/wp\/v2\/product"}],"about":[{"href":"https:\/\/beautyproject.ch\/de\/wp-json\/wp\/v2\/types\/product"}],"wp:featuredmedia":[{"embeddable":true,"href":"https:\/\/beautyproject.ch\/de\/wp-json\/wp\/v2\/media\/4781"}],"wp:attachment":[{"href":"https:\/\/beautyproject.ch\/de\/wp-json\/wp\/v2\/media?parent=7348"}],"wp:term":[{"taxonomy":"product_brand","embeddable":true,"href":"https:\/\/beautyproject.ch\/de\/wp-json\/wp\/v2\/product_brand?post=7348"},{"taxonomy":"product_cat","embeddable":true,"href":"https:\/\/beautyproject.ch\/de\/wp-json\/wp\/v2\/product_cat?post=7348"},{"taxonomy":"product_tag","embeddable":true,"href":"https:\/\/beautyproject.ch\/de\/wp-json\/wp\/v2\/product_tag?post=7348"}],"curies":[{"name":"wp","href":"https:\/\/api.w.org\/{rel}","templated":true}]}}