{"id":6325,"date":"2024-10-21T08:43:29","date_gmt":"2024-10-21T06:43:29","guid":{"rendered":"https:\/\/beautyproject.ch\/prodotto\/kinetics-green-nano-shark-15ml\/"},"modified":"2025-10-26T13:46:04","modified_gmt":"2025-10-26T12:46:04","slug":"kinetics-green-nano-shark-15ml","status":"publish","type":"product","link":"https:\/\/beautyproject.ch\/de\/prodotto\/kinetics-green-nano-shark-15ml\/","title":{"rendered":"Kinetics Green Nano Shark 15ml"},"content":{"rendered":"<p class=\"p1\">Eine Soforthilfe f\u00fcr geschw\u00e4chte N\u00e4gel, die auch als Unter- und \u00dcberlack verwendet werden kann.<\/p>\n<p><strong>USE<\/strong><\/p>\n<p>Zweimal w\u00f6chentlich anwenden, um starke, gesunde N\u00e4gel zu f\u00f6rdern. Tragen Sie eine Schicht unter dem Nagellack als Basis auf. Tragen Sie eine Schicht \u00fcber dem Nagellack als \u00dcberlack auf.  <\/p>\n","protected":false},"excerpt":{"rendered":"<p class=\"p1\">Schockverst\u00e4rkende Behandlung f\u00fcr besch\u00e4digte und schwache N\u00e4gel.<\/p>\n<p>15mL<\/p>\n","protected":false},"featured_media":8066,"template":"","meta":{"_acf_changed":false,"_seopress_robots_primary_cat":"none","_seopress_titles_title":"","_seopress_titles_desc":"","_seopress_robots_index":"","_seopress_analysis_target_kw":""},"product_brand":[],"product_cat":[75],"product_tag":[],"class_list":{"0":"post-6325","1":"product","2":"type-product","3":"status-publish","4":"has-post-thumbnail","6":"product_cat-nail-treatments-de","8":"first","9":"outofstock","10":"taxable","11":"shipping-taxable","12":"purchasable","13":"product-type-simple"},"acf":[],"jetpack_sharing_enabled":true,"_links":{"self":[{"href":"https:\/\/beautyproject.ch\/de\/wp-json\/wp\/v2\/product\/6325","targetHints":{"allow":["GET"]}}],"collection":[{"href":"https:\/\/beautyproject.ch\/de\/wp-json\/wp\/v2\/product"}],"about":[{"href":"https:\/\/beautyproject.ch\/de\/wp-json\/wp\/v2\/types\/product"}],"wp:featuredmedia":[{"embeddable":true,"href":"https:\/\/beautyproject.ch\/de\/wp-json\/wp\/v2\/media\/8066"}],"wp:attachment":[{"href":"https:\/\/beautyproject.ch\/de\/wp-json\/wp\/v2\/media?parent=6325"}],"wp:term":[{"taxonomy":"product_brand","embeddable":true,"href":"https:\/\/beautyproject.ch\/de\/wp-json\/wp\/v2\/product_brand?post=6325"},{"taxonomy":"product_cat","embeddable":true,"href":"https:\/\/beautyproject.ch\/de\/wp-json\/wp\/v2\/product_cat?post=6325"},{"taxonomy":"product_tag","embeddable":true,"href":"https:\/\/beautyproject.ch\/de\/wp-json\/wp\/v2\/product_tag?post=6325"}],"curies":[{"name":"wp","href":"https:\/\/api.w.org\/{rel}","templated":true}]}}