{"id":6308,"date":"2024-10-21T08:43:30","date_gmt":"2024-10-21T06:43:30","guid":{"rendered":"https:\/\/beautyproject.ch\/prodotto\/kinetics-gold-elixir-15ml\/"},"modified":"2025-12-24T08:00:59","modified_gmt":"2025-12-24T07:00:59","slug":"kinetics-gold-elixir-15ml","status":"publish","type":"product","link":"https:\/\/beautyproject.ch\/de\/prodotto\/kinetics-gold-elixir-15ml\/","title":{"rendered":"Kinetics Gold Elixir 15ml"},"content":{"rendered":"<p class=\"p1\">Hochwertige elixir angereichert mit reinen Goldpartikeln. Stellt schwache und besch\u00e4digte N\u00e4gel wieder her. Die sichere Formel mit Wasser und Keratin regeneriert die Nagelhaut und verhindert das Abbl\u00e4ttern der N\u00e4gel. Goldnuggets garantieren eine kostbare look.   <\/p>\n<p>&#8211; Keratin heilt die Nagelhaut und beugt Nagelbruch vor;<br \/>\n&#8211; D-Panthenol spendet intensive Feuchtigkeit;<br \/>\n&#8211; Glycerin spendet den oberen Schichten der Haut und den N\u00e4geln Feuchtigkeit;<br \/>\n&#8211; Kolloidales Gold unterstreicht das Aussehen dieses Luxusprodukts.<\/p>\n<p>&nbsp;<\/p>\n<p><strong>USE<\/strong><\/p>\n<p>Tragen Sie Gold Elixir auf die Nagelhaut und das Nagelbett auf und massieren Sie es mit sanft kreisenden Bewegungen ein.<\/p>\n","protected":false},"excerpt":{"rendered":"<p>Luxuri\u00f6ses Elixier f\u00fcr N\u00e4gel und Nagelhaut, angereichert mit Goldpartikeln.<\/p>\n<p>15mL<\/p>\n","protected":false},"featured_media":8094,"template":"","meta":{"_acf_changed":false,"_seopress_robots_primary_cat":"none","_seopress_titles_title":"","_seopress_titles_desc":"","_seopress_robots_index":"","_seopress_analysis_target_kw":""},"product_brand":[],"product_cat":[75],"product_tag":[],"class_list":{"0":"post-6308","1":"product","2":"type-product","3":"status-publish","4":"has-post-thumbnail","6":"product_cat-nail-treatments-de","8":"first","9":"instock","10":"taxable","11":"shipping-taxable","12":"purchasable","13":"product-type-simple"},"acf":[],"jetpack_sharing_enabled":true,"_links":{"self":[{"href":"https:\/\/beautyproject.ch\/de\/wp-json\/wp\/v2\/product\/6308","targetHints":{"allow":["GET"]}}],"collection":[{"href":"https:\/\/beautyproject.ch\/de\/wp-json\/wp\/v2\/product"}],"about":[{"href":"https:\/\/beautyproject.ch\/de\/wp-json\/wp\/v2\/types\/product"}],"wp:featuredmedia":[{"embeddable":true,"href":"https:\/\/beautyproject.ch\/de\/wp-json\/wp\/v2\/media\/8094"}],"wp:attachment":[{"href":"https:\/\/beautyproject.ch\/de\/wp-json\/wp\/v2\/media?parent=6308"}],"wp:term":[{"taxonomy":"product_brand","embeddable":true,"href":"https:\/\/beautyproject.ch\/de\/wp-json\/wp\/v2\/product_brand?post=6308"},{"taxonomy":"product_cat","embeddable":true,"href":"https:\/\/beautyproject.ch\/de\/wp-json\/wp\/v2\/product_cat?post=6308"},{"taxonomy":"product_tag","embeddable":true,"href":"https:\/\/beautyproject.ch\/de\/wp-json\/wp\/v2\/product_tag?post=6308"}],"curies":[{"name":"wp","href":"https:\/\/api.w.org\/{rel}","templated":true}]}}