{"id":5821,"date":"2024-10-21T08:43:02","date_gmt":"2024-10-21T06:43:02","guid":{"rendered":"https:\/\/beautyproject.ch\/prodotto\/kinetics-solargel-nail-polish-cold-days-warm-hearts-384\/"},"modified":"2024-10-21T08:43:02","modified_gmt":"2024-10-21T06:43:02","slug":"kinetics-solargel-nail-polish-cold-days-warm-hearts-384","status":"publish","type":"product","link":"https:\/\/beautyproject.ch\/de\/prodotto\/kinetics-solargel-nail-polish-cold-days-warm-hearts-384\/","title":{"rendered":"Kinetics SolarGel Nail Polish Cold Days, Warm Hearts #384"},"content":{"rendered":"<p>Farbe: Cyclamen<\/p>\n<p>Teil der Kollektion:<\/p>\n<p><strong> <\/strong><\/p>\n<p><strong>USE<\/strong><\/p>\n<p>1. Desinfizieren Sie Ihre H\u00e4nde mit Pro Hand Sanitiser Spray und f\u00fchren Sie eine Manik\u00fcre durch (dry mit Hilfe des Bohrers oder klassisch) und formen Sie die N\u00e4gel mit der Feile Miss Rhino (wei\u00dfe Seite). Eventuelles Abstumpfen der Folie kann mit der grauen Seite der Feile vorgenommen werden.<br \/>\n2. Reinigen Sie alle 10 N\u00e4gel mit einem Wattest\u00e4bchen, das mit Lizard Polish Remover getr\u00e4nkten Wattest\u00e4bchen, um \u00d6l- und Staubr\u00fcckst\u00e4nde zu entfernen, und tragen Sie einen Unterlack Ihrer Wahl auf, der auf jeden Nageltyp abgestimmt ist.<br \/>\n3. Tragen Sie eine leichte Schicht SolarGel Ihrer Wahl auf und achten Sie dabei darauf, auch den freien Rand zu versiegeln.  Warten Sie etwa 2 Minuten, bis die Farbe perfekt getrocknet ist.<br \/>\n4. F\u00fcr eine ultrapigmentierte Abdeckung wiederholen Sie Schritt 3.<br \/>\n5. Tragen Sie Kwik-Kote (schnelltrocknend) oder alternativ den Solar Gel Top Coat (nur f\u00fcr Profis) auf, wobei Sie darauf achten, dass die Farbe vollst\u00e4ndig bedeckt ist, und warten Sie, bis das Produkt vollst\u00e4ndig getrocknet ist.<br \/>\nHinweis. Um das Trocknen in nur 60 Sekunden zu beschleunigen, k\u00f6nnen Sie die Solar Gel Top Coat (reserviert f\u00fcr Profis) die Quik Dry Drops zum Trocknen des Nagellacks.<br \/>\n6. Beenden Sie den Service, indem Sie den Nagellack in den Nagelhautring auftragen Orange, Almond o Lemon Cuticle Oil Achten Sie darauf, dass Sie die Nagelplatte nicht ber\u00fchren.<\/p>\n<p><strong>Entfernung<\/strong>: Entfernen Sie das Produkt mechanisch mit dem Cutter oder der Entfernungsfl\u00fcssigkeit. Kinetics Gel Polish Remover Red Lizard.<\/p>\n","protected":false},"excerpt":{"rendered":"<p>Ein Email mit Zweiphasenformel, das, umh\u00fcllt von einer kratzfesten Versiegelung, eine unvergleichliche Best\u00e4ndigkeit im Vergleich zu herk\u00f6mmlichen Emails garantiert: bis zu 10 Tage mit einem unglaublichen, ultra-gl\u00e4nzenden Effekt gel.<\/p>\n<p>Cold Days, Warm Hearts #384<\/p>\n","protected":false},"featured_media":2798,"template":"","meta":{"_acf_changed":false,"_seopress_robots_primary_cat":"","_seopress_titles_title":"","_seopress_titles_desc":"","_seopress_robots_index":""},"product_brand":[],"product_cat":[80],"product_tag":[],"class_list":{"0":"post-5821","1":"product","2":"type-product","3":"status-publish","4":"has-post-thumbnail","6":"product_cat-solargel-de","8":"first","9":"instock","10":"taxable","11":"shipping-taxable","12":"purchasable","13":"product-type-simple"},"acf":[],"jetpack_sharing_enabled":true,"_links":{"self":[{"href":"https:\/\/beautyproject.ch\/de\/wp-json\/wp\/v2\/product\/5821","targetHints":{"allow":["GET"]}}],"collection":[{"href":"https:\/\/beautyproject.ch\/de\/wp-json\/wp\/v2\/product"}],"about":[{"href":"https:\/\/beautyproject.ch\/de\/wp-json\/wp\/v2\/types\/product"}],"wp:featuredmedia":[{"embeddable":true,"href":"https:\/\/beautyproject.ch\/de\/wp-json\/wp\/v2\/media\/2798"}],"wp:attachment":[{"href":"https:\/\/beautyproject.ch\/de\/wp-json\/wp\/v2\/media?parent=5821"}],"wp:term":[{"taxonomy":"product_brand","embeddable":true,"href":"https:\/\/beautyproject.ch\/de\/wp-json\/wp\/v2\/product_brand?post=5821"},{"taxonomy":"product_cat","embeddable":true,"href":"https:\/\/beautyproject.ch\/de\/wp-json\/wp\/v2\/product_cat?post=5821"},{"taxonomy":"product_tag","embeddable":true,"href":"https:\/\/beautyproject.ch\/de\/wp-json\/wp\/v2\/product_tag?post=5821"}],"curies":[{"name":"wp","href":"https:\/\/api.w.org\/{rel}","templated":true}]}}