{"id":5236,"date":"2024-10-25T09:02:32","date_gmt":"2024-10-25T07:02:32","guid":{"rendered":"https:\/\/beautyproject.ch\/ueber-uns\/"},"modified":"2025-05-12T13:37:07","modified_gmt":"2025-05-12T11:37:07","slug":"ueber-uns","status":"publish","type":"page","link":"https:\/\/beautyproject.ch\/de\/ueber-uns\/","title":{"rendered":"\u00dcber uns"},"content":{"rendered":"\t\t<div data-elementor-type=\"wp-page\" data-elementor-id=\"5236\" class=\"elementor elementor-5236 elementor-1143\" data-elementor-post-type=\"page\">\n\t\t\t\t\t\t<section class=\"elementor-section elementor-top-section elementor-element elementor-element-18502eb3 elementor-section-content-middle elementor-section-boxed elementor-section-height-default elementor-section-height-default\" data-id=\"18502eb3\" data-element_type=\"section\" data-e-type=\"section\" data-settings=\"{&quot;background_background&quot;:&quot;classic&quot;}\">\n\t\t\t\t\t\t<div class=\"elementor-container elementor-column-gap-default\">\n\t\t\t\t\t<div class=\"elementor-column elementor-col-100 elementor-top-column elementor-element elementor-element-2f4d3c05\" data-id=\"2f4d3c05\" data-element_type=\"column\" data-e-type=\"column\">\n\t\t\t<div class=\"elementor-widget-wrap elementor-element-populated\">\n\t\t\t\t\t\t<div class=\"elementor-element elementor-element-237e9f3 elementor-widget elementor-widget-shortcode\" data-id=\"237e9f3\" data-element_type=\"widget\" data-e-type=\"widget\" data-widget_type=\"shortcode.default\">\n\t\t\t\t<div class=\"elementor-widget-container\">\n\t\t\t\t\t\t\t<div class=\"elementor-shortcode\"><nav  aria-label=\"Brotkrumen\"><ol class=\"breadcrumb\"><li class=\"breadcrumb-item active\" aria-current=\"page\"><span>Startseite<\/span><\/li><\/ol><\/nav>\n<\/div>\n\t\t\t\t\t\t<\/div>\n\t\t\t\t<\/div>\n\t\t\t\t\t<\/div>\n\t\t<\/div>\n\t\t\t\t\t<\/div>\n\t\t<\/section>\n\t\t\t\t<section class=\"elementor-section elementor-top-section elementor-element elementor-element-f5d6875 elementor-section-content-middle elementor-section-boxed elementor-section-height-default elementor-section-height-default\" data-id=\"f5d6875\" data-element_type=\"section\" data-e-type=\"section\">\n\t\t\t\t\t\t<div class=\"elementor-container elementor-column-gap-default\">\n\t\t\t\t\t<div class=\"elementor-column elementor-col-50 elementor-top-column elementor-element elementor-element-a89808e\" data-id=\"a89808e\" data-element_type=\"column\" data-e-type=\"column\">\n\t\t\t<div class=\"elementor-widget-wrap elementor-element-populated\">\n\t\t\t\t\t\t<div class=\"elementor-element elementor-element-c097da5 elementor-widget elementor-widget-image\" data-id=\"c097da5\" data-element_type=\"widget\" data-e-type=\"widget\" data-widget_type=\"image.default\">\n\t\t\t\t<div class=\"elementor-widget-container\">\n\t\t\t\t\t\t\t\t\t\t\t\t\t\t\t<img decoding=\"async\" src=\"\" title=\"\" alt=\"science_foundation0868 - Medium\" loading=\"lazy\" \/>\t\t\t\t\t\t\t\t\t\t\t\t\t\t\t<\/div>\n\t\t\t\t<\/div>\n\t\t\t\t\t<\/div>\n\t\t<\/div>\n\t\t\t\t<div class=\"elementor-column elementor-col-50 elementor-top-column elementor-element elementor-element-358f4d7\" data-id=\"358f4d7\" data-element_type=\"column\" data-e-type=\"column\">\n\t\t\t<div class=\"elementor-widget-wrap elementor-element-populated\">\n\t\t\t\t\t\t<div class=\"elementor-element elementor-element-3acdbbb elementor-widget elementor-widget-heading\" data-id=\"3acdbbb\" data-element_type=\"widget\" data-e-type=\"widget\" data-widget_type=\"heading.default\">\n\t\t\t\t<div class=\"elementor-widget-container\">\n\t\t\t\t\t<h2 class=\"elementor-heading-title elementor-size-default\">Beauty Project<\/h2>\t\t\t\t<\/div>\n\t\t\t\t<\/div>\n\t\t\t\t<div class=\"elementor-element elementor-element-c63e906 elementor-widget-divider--view-line elementor-widget elementor-widget-divider\" data-id=\"c63e906\" data-element_type=\"widget\" data-e-type=\"widget\" data-widget_type=\"divider.default\">\n\t\t\t\t<div class=\"elementor-widget-container\">\n\t\t\t\t\t\t\t<div class=\"elementor-divider\">\n\t\t\t<span class=\"elementor-divider-separator\">\n\t\t\t\t\t\t<\/span>\n\t\t<\/div>\n\t\t\t\t\t\t<\/div>\n\t\t\t\t<\/div>\n\t\t\t\t<div class=\"elementor-element elementor-element-ec36d7f elementor-widget elementor-widget-heading\" data-id=\"ec36d7f\" data-element_type=\"widget\" data-e-type=\"widget\" data-widget_type=\"heading.default\">\n\t\t\t\t<div class=\"elementor-widget-container\">\n\t\t\t\t\t<h2 class=\"elementor-heading-title elementor-size-default\">Exklusive Vertriebspartner von Kinetics Nail Products in der Schweiz\n<\/h2>\t\t\t\t<\/div>\n\t\t\t\t<\/div>\n\t\t\t\t<div class=\"elementor-element elementor-element-23bfbfd elementor-widget elementor-widget-text-editor\" data-id=\"23bfbfd\" data-element_type=\"widget\" data-e-type=\"widget\" data-widget_type=\"text-editor.default\">\n\t\t\t\t<div class=\"elementor-widget-container\">\n\t\t\t\t\t\t\t\t\t<p><strong>Beauty Project<\/strong> entstand aus der Leidenschaft f\u00fcr die Sch\u00f6nheit und der Zusammenarbeit mit <strong>Sch\u00f6nheitsexperten<\/strong>, die auf <strong>Hand- und Fu\u00dfpflege<\/strong> spezialisiert sind. Wir sind der <strong>exklusive Vertriebspartner von Kinetics in der Schweiz<\/strong> und bieten ein komplettes Sortiment <strong>hochwertiger professioneller Nagelprodukte<\/strong> an, die ideal f\u00fcr <strong>Sch\u00f6nheitssalons<\/strong>, <strong>Nagelstudios<\/strong>, <strong>Friseursalons<\/strong>, <strong>Hotels<\/strong> und <strong>Spas<\/strong> sind. <\/p><p>Unsere Mission ist es, <strong>qualitativ hochwertige Nagelprodukte<\/strong> und engagierte Unterst\u00fctzung zu bieten, damit <strong>Sch\u00f6nheitsprofis<\/strong> <strong>makellose Ergebnisse<\/strong> f\u00fcr ihre Kunden erzielen k\u00f6nnen. Mit <strong>\u00fcber 20 Jahren Erfahrung in der Sch\u00f6nheitsbranche<\/strong> garantieren wir <strong>Qualit\u00e4t<\/strong>, <strong>Innovation<\/strong> und <strong>kontinuierliche Unterst\u00fctzung<\/strong>. <\/p><h3>Warum Beauty Project w\u00e4hlen?<\/h3><ul><li><strong>Hochwertige Nagelprodukte<\/strong>: Wir bieten nur das Beste, um eine <strong>professionelle Manik\u00fcre und Pedik\u00fcre<\/strong> mit <strong>hervorragenden, lang anhaltenden<\/strong> Ergebnissen zu garantieren.<\/li><li><strong>Erfahrung und Professionalit\u00e4t in der \u00c4sthetikbranche<\/strong>: Mit <strong>\u00fcber 20 Jahren Erfahrung<\/strong> verstehen wir die Bed\u00fcrfnisse von <strong>Fachleuten<\/strong> und bieten entsprechende Unterst\u00fctzung.<\/li><li><strong>Engagierter Support f\u00fcr Beauty-Profis<\/strong>: Unser Team steht Ihnen jederzeit zur Verf\u00fcgung, um Fragen zu beantworten und Sie in jeder Phase Ihrer Arbeit zu unterst\u00fctzen.<\/li><\/ul><p> <\/p><p><strong>Entdecken Sie die Produkte von Kinetics<\/strong> und heben Sie Ihr Serviceniveau auf neue H\u00f6hen. Mit <strong>Beauty Project<\/strong>ist <strong>professionelle Sch\u00f6nheit<\/strong> immer zur Hand. <\/p>\t\t\t\t\t\t\t\t<\/div>\n\t\t\t\t<\/div>\n\t\t\t\t\t<\/div>\n\t\t<\/div>\n\t\t\t\t\t<\/div>\n\t\t<\/section>\n\t\t\t\t<\/div>\n\t\t","protected":false},"excerpt":{"rendered":"<p>Beauty Project Exklusive Vertriebspartner von Kinetics Nail Products in der Schweiz Beauty Project entstand aus der Leidenschaft f\u00fcr die Sch\u00f6nheit und der Zusammenarbeit mit Sch\u00f6nheitsexperten, die auf Hand- und Fu\u00dfpflege spezialisiert sind. Wir sind der exklusive Vertriebspartner von Kinetics in der Schweiz und bieten ein komplettes Sortiment hochwertiger professioneller Nagelprodukte an, die ideal f\u00fcr Sch\u00f6nheitssalons, [&hellip;]<\/p>\n","protected":false},"author":2,"featured_media":0,"parent":0,"menu_order":0,"comment_status":"closed","ping_status":"closed","template":"elementor_header_footer","meta":{"_acf_changed":false,"_seopress_robots_primary_cat":"","_seopress_titles_title":"\u00dcber uns | Beauty Project - Kinetics Professional Products Experten","_seopress_titles_desc":"Beauty Project ist der vertrauensw\u00fcrdige Partner f\u00fcr Kosmetiker und Friseure in der Schweiz. Wir vertreiben seit \u00fcber 20 Jahren die professionellen Nagelpflegeprodukte von Kinetics. ","_seopress_robots_index":"","_seopress_analysis_target_kw":"","footnotes":""},"class_list":["post-5236","page","type-page","status-publish","hentry"],"acf":[],"jetpack_sharing_enabled":true,"_links":{"self":[{"href":"https:\/\/beautyproject.ch\/de\/wp-json\/wp\/v2\/pages\/5236","targetHints":{"allow":["GET"]}}],"collection":[{"href":"https:\/\/beautyproject.ch\/de\/wp-json\/wp\/v2\/pages"}],"about":[{"href":"https:\/\/beautyproject.ch\/de\/wp-json\/wp\/v2\/types\/page"}],"author":[{"embeddable":true,"href":"https:\/\/beautyproject.ch\/de\/wp-json\/wp\/v2\/users\/2"}],"replies":[{"embeddable":true,"href":"https:\/\/beautyproject.ch\/de\/wp-json\/wp\/v2\/comments?post=5236"}],"version-history":[{"count":1,"href":"https:\/\/beautyproject.ch\/de\/wp-json\/wp\/v2\/pages\/5236\/revisions"}],"predecessor-version":[{"id":5239,"href":"https:\/\/beautyproject.ch\/de\/wp-json\/wp\/v2\/pages\/5236\/revisions\/5239"}],"wp:attachment":[{"href":"https:\/\/beautyproject.ch\/de\/wp-json\/wp\/v2\/media?parent=5236"}],"curies":[{"name":"wp","href":"https:\/\/api.w.org\/{rel}","templated":true}]}}