{"id":5215,"date":"2024-10-25T10:12:29","date_gmt":"2024-10-25T08:12:29","guid":{"rendered":"https:\/\/beautyproject.ch\/impressum\/"},"modified":"2025-03-03T15:23:27","modified_gmt":"2025-03-03T14:23:27","slug":"impressum","status":"publish","type":"page","link":"https:\/\/beautyproject.ch\/de\/impressum\/","title":{"rendered":"Impressum"},"content":{"rendered":"\n<p><strong>Firmenname:<\/strong> Beauty Project di N. Ponti-Cometta<br\/><strong>Adresse:<\/strong> Via Pozzetto 27d, 6855 Stabio, Schweiz<br\/><strong>Handelsregisternummer:<\/strong> CH-501.1.021.345-4<br\/> IDI\/VAT<strong>:<\/strong> CHE-309.194.892<br\/><strong>Telefon:<\/strong> +41 76 419 46 01<br\/><strong>Email :<\/strong> <a>info@beautyproject.ch<\/a><\/p>\n\n<p><strong>Rechtsvertreter:<\/strong><br\/>Nisia Ponti-Cometta<\/p>\n\n<p><strong>Verantwortung f\u00fcr den Inhalt<\/strong><br\/>Beauty Project di N. Ponti-Cometta ist bestrebt, die Informationen auf dieser Website korrekt und aktuell zu halten. Wir \u00fcbernehmen jedoch keine Haftung f\u00fcr die Richtigkeit, Vollst\u00e4ndigkeit und Aktualit\u00e4t der Inhalte. Wir behalten uns das Recht vor, den Inhalt der Website jederzeit und ohne vorherige Ank\u00fcndigung zu \u00e4ndern.  <\/p>\n\n<p><strong>Haftung f\u00fcr externe link <\/strong><br\/> Unsere Website kann link externe Websites von Dritten enthalten, auf die wir keinen Einfluss haben. Deshalb k\u00f6nnen wir f\u00fcr diese fremden Inhalte auch keine Gew\u00e4hr \u00fcbernehmen. F\u00fcr die Inhalte der verlinkten Seiten ist stets der jeweilige Anbieter oder Betreiber der Seiten verantwortlich.  <\/p>\n\n<p><strong>Copyright<\/strong><br\/>Die Inhalte und Werke auf dieser Website unterliegen dem Schweizer Urheberrecht. Die Vervielf\u00e4ltigung, Bearbeitung, Verbreitung und jede Art der Verwertung au\u00dferhalb der Grenzen des Urheberrechtes bed\u00fcrfen der schriftlichen Zustimmung des jeweiligen Autors bzw. Erstellers. Kopien und Downloads dieser Seiten sind nur f\u00fcr den privaten, nicht kommerziellen Gebrauch gestattet.  <\/p>\n\n<p><strong>Gerichtsstand<\/strong><br\/>Im Falle einer Streitigkeit ist der Gerichtsstand Mendrisio, Schweiz.<\/p>\n\n<p><\/p>\n","protected":false},"excerpt":{"rendered":"<p>Firmenname: Beauty Project di N. Ponti-ComettaAdresse: Via Pozzetto 27d, 6855 Stabio, SchweizHandelsregisternummer: CH-501.1.021.345-4 IDI\/VAT: CHE-309.194.892Telefon: +41 76 419 46 01Email : info@beautyproject.ch Rechtsvertreter:Nisia Ponti-Cometta Verantwortung f\u00fcr den InhaltBeauty Project di N. Ponti-Cometta ist bestrebt, die Informationen auf dieser Website korrekt und aktuell zu halten. Wir \u00fcbernehmen jedoch keine Haftung f\u00fcr die Richtigkeit, Vollst\u00e4ndigkeit und Aktualit\u00e4t [&hellip;]<\/p>\n","protected":false},"author":2,"featured_media":0,"parent":0,"menu_order":0,"comment_status":"closed","ping_status":"closed","template":"","meta":{"_acf_changed":false,"_seopress_robots_primary_cat":"","_seopress_titles_title":"","_seopress_titles_desc":"","_seopress_robots_index":"","footnotes":""},"class_list":["post-5215","page","type-page","status-publish","hentry"],"acf":[],"jetpack_sharing_enabled":true,"_links":{"self":[{"href":"https:\/\/beautyproject.ch\/de\/wp-json\/wp\/v2\/pages\/5215","targetHints":{"allow":["GET"]}}],"collection":[{"href":"https:\/\/beautyproject.ch\/de\/wp-json\/wp\/v2\/pages"}],"about":[{"href":"https:\/\/beautyproject.ch\/de\/wp-json\/wp\/v2\/types\/page"}],"author":[{"embeddable":true,"href":"https:\/\/beautyproject.ch\/de\/wp-json\/wp\/v2\/users\/2"}],"replies":[{"embeddable":true,"href":"https:\/\/beautyproject.ch\/de\/wp-json\/wp\/v2\/comments?post=5215"}],"version-history":[{"count":1,"href":"https:\/\/beautyproject.ch\/de\/wp-json\/wp\/v2\/pages\/5215\/revisions"}],"predecessor-version":[{"id":5217,"href":"https:\/\/beautyproject.ch\/de\/wp-json\/wp\/v2\/pages\/5215\/revisions\/5217"}],"wp:attachment":[{"href":"https:\/\/beautyproject.ch\/de\/wp-json\/wp\/v2\/media?parent=5215"}],"curies":[{"name":"wp","href":"https:\/\/api.w.org\/{rel}","templated":true}]}}