{"id":5204,"date":"2024-10-29T14:50:19","date_gmt":"2024-10-29T13:50:19","guid":{"rendered":"https:\/\/beautyproject.ch\/ruecksendeformular\/"},"modified":"2025-03-03T15:23:17","modified_gmt":"2025-03-03T14:23:17","slug":"ruecksendeformular","status":"publish","type":"page","link":"https:\/\/beautyproject.ch\/de\/ruecksendeformular\/","title":{"rendered":"R\u00fccksendeformular"},"content":{"rendered":"\t\t<div data-elementor-type=\"wp-page\" data-elementor-id=\"5204\" class=\"elementor elementor-5204 elementor-1243\" data-elementor-post-type=\"page\">\n\t\t\t\t\t\t<section class=\"elementor-section elementor-top-section elementor-element elementor-element-931972e elementor-section-content-middle elementor-section-boxed elementor-section-height-default elementor-section-height-default\" data-id=\"931972e\" data-element_type=\"section\" data-e-type=\"section\" data-settings=\"{&quot;background_background&quot;:&quot;classic&quot;}\">\n\t\t\t\t\t\t<div class=\"elementor-container elementor-column-gap-default\">\n\t\t\t\t\t<div class=\"elementor-column elementor-col-100 elementor-top-column elementor-element elementor-element-e6f3be9\" data-id=\"e6f3be9\" data-element_type=\"column\" data-e-type=\"column\">\n\t\t\t<div class=\"elementor-widget-wrap elementor-element-populated\">\n\t\t\t\t\t\t\t<\/div>\n\t\t<\/div>\n\t\t\t\t\t<\/div>\n\t\t<\/section>\n\t\t\t\t<section class=\"elementor-section elementor-top-section elementor-element elementor-element-76a98e0 elementor-section-content-middle elementor-section-boxed elementor-section-height-default elementor-section-height-default\" data-id=\"76a98e0\" data-element_type=\"section\" data-e-type=\"section\">\n\t\t\t\t\t\t<div class=\"elementor-container elementor-column-gap-default\">\n\t\t\t\t\t<div class=\"elementor-column elementor-col-100 elementor-top-column elementor-element elementor-element-1e0b996\" data-id=\"1e0b996\" data-element_type=\"column\" data-e-type=\"column\">\n\t\t\t<div class=\"elementor-widget-wrap elementor-element-populated\">\n\t\t\t\t\t\t<div class=\"elementor-element elementor-element-ff9489d elementor-widget elementor-widget-heading\" data-id=\"ff9489d\" data-element_type=\"widget\" data-e-type=\"widget\" data-widget_type=\"heading.default\">\n\t\t\t\t<div class=\"elementor-widget-container\">\n\t\t\t\t\t<h2 class=\"elementor-heading-title elementor-size-default\">R\u00fccksendeformular<\/h2>\t\t\t\t<\/div>\n\t\t\t\t<\/div>\n\t\t\t\t<div class=\"elementor-element elementor-element-07d6273 elementor-widget elementor-widget-text-editor\" data-id=\"07d6273\" data-element_type=\"widget\" data-e-type=\"widget\" data-widget_type=\"text-editor.default\">\n\t\t\t\t<div class=\"elementor-widget-container\">\n\t\t\t\t\t\t\t\t\t<p>Wenn Sie ein bei Beauty Project gekauftes Produkt zur\u00fcckgeben m\u00f6chten, f\u00fcllen Sie bitte das untenstehende R\u00fcckgabeformular aus. Unser Ziel ist es, Ihre Zufriedenheit zu garantieren und das R\u00fcckgabeverfahren so einfach wie m\u00f6glich zu gestalten. <\/p><p><strong>Fristen f\u00fcr die R\u00fcckgabe<\/strong><\/p><ul data-spread=\"false\"><li><p>Die R\u00fcckgabe muss innerhalb von 7 Werktagen nach Erhalt des Produkts beantragt werden.<\/p><\/li><li><p>Die Produkte m\u00fcssen in ihrer Originalverpackung, unbenutzt und in einwandfreiem, wiederverkaufsf\u00e4higem Zustand zur\u00fcckgegeben werden.<\/p><\/li><li><p>Der R\u00fcckgabeantrag muss die Rechnungsnummer und das Datum enthalten.<\/p><\/li><li><p>Die Versandkosten f\u00fcr R\u00fccksendungen gehen zu Lasten des Kunden.<\/p><\/li><\/ul><p><strong>R\u00fcckgabe-Verfahren<\/strong><\/p><ol start=\"1\" data-spread=\"false\"><li><p>Bitte f\u00fcllen Sie das R\u00fccksendeformular auf dieser Seite aus und geben Sie alle erforderlichen Informationen an.<\/p><\/li><li><p>Sobald wir Ihre Anfrage erhalten haben, senden wir Ihnen per E-Mail weitere Anweisungen, wie Sie das Produkt zur\u00fcckgeben k\u00f6nnen.<\/p><\/li><li><p>Akzeptierte R\u00fccksendungen berechtigen Sie zu einer Gutschrift, die Sie f\u00fcr zuk\u00fcnftige Eink\u00e4ufe verwenden k\u00f6nnen.<\/p><\/li><\/ol><p><strong>Bitte beachten Sie<\/strong>: Die R\u00fccksendung von Waren unterliegt der Genehmigung durch Beauty Project und in einigen Ausnahmef\u00e4llen kann eine Verwaltungsgeb\u00fchr von CHF 20 erhoben werden.<\/p><p>Wenn Sie Fragen haben, kontaktieren Sie uns bitte unter <a><strong>info@beautyproject.ch<\/strong><\/a> oder rufen Sie uns an unter <strong>+41 76 419 46 01<\/strong>. Wir sind gerne f\u00fcr Sie da! <\/p>\t\t\t\t\t\t\t\t<\/div>\n\t\t\t\t<\/div>\n\t\t\t\t<div class=\"elementor-element elementor-element-60022fc elementor-button-align-stretch elementor-widget elementor-widget-form\" data-id=\"60022fc\" data-element_type=\"widget\" data-e-type=\"widget\" data-settings=\"{&quot;step_next_label&quot;:&quot;N\\u00e4chste&quot;,&quot;step_previous_label&quot;:&quot;Vorherige&quot;,&quot;button_width&quot;:&quot;100&quot;,&quot;step_type&quot;:&quot;number_text&quot;,&quot;step_icon_shape&quot;:&quot;circle&quot;}\" data-widget_type=\"form.default\">\n\t\t\t\t<div class=\"elementor-widget-container\">\n\t\t\t\t\t\t\t<form class=\"elementor-form\" method=\"post\" name=\"R\u00fccksendeformular\" aria-label=\"R\u00fccksendeformular\">\n\t\t\t<input type=\"hidden\" name=\"post_id\" value=\"5204\"\/>\n\t\t\t<input type=\"hidden\" name=\"form_id\" value=\"60022fc\"\/>\n\t\t\t<input type=\"hidden\" name=\"referer_title\" value=\"R\u00fccksendeformular\" \/>\n\n\t\t\t\t\t\t\t<input type=\"hidden\" name=\"queried_id\" value=\"5204\"\/>\n\t\t\t\n\t\t\t<div class=\"elementor-form-fields-wrapper elementor-labels-\">\n\t\t\t\t\t\t\t\t<div class=\"elementor-field-type-text elementor-field-group elementor-column elementor-field-group-field_3914a80 elementor-col-100\">\n\t\t\t\t\t\t\t\t\t\t\t\t<label for=\"form-field-field_3914a80\" class=\"elementor-field-label elementor-screen-only\">\n\t\t\t\t\t\t\t\tName\t\t\t\t\t\t\t<\/label>\n\t\t\t\t\t\t\t\t\t\t\t\t\t\t<input size=\"1\" type=\"text\" name=\"form_fields[field_3914a80]\" id=\"form-field-field_3914a80\" class=\"elementor-field elementor-size-sm  elementor-field-textual\" placeholder=\"Name\">\n\t\t\t\t\t\t\t\t\t\t\t<\/div>\n\t\t\t\t\t\t\t\t<div class=\"elementor-field-type-tel elementor-field-group elementor-column elementor-field-group-field_8cb5246 elementor-col-100\">\n\t\t\t\t\t\t\t\t\t\t\t\t<label for=\"form-field-field_8cb5246\" class=\"elementor-field-label elementor-screen-only\">\n\t\t\t\t\t\t\t\tTelefon\t\t\t\t\t\t\t<\/label>\n\t\t\t\t\t\t\t\t<input size=\"1\" type=\"tel\" name=\"form_fields[field_8cb5246]\" id=\"form-field-field_8cb5246\" class=\"elementor-field elementor-size-sm  elementor-field-textual\" placeholder=\"Telefon\" pattern=\"[0-9()#&amp;+*-=.]+\" title=\"Nur Nummern oder Telefon-Zeichen (#, -, *, etc) werden akzeptiert.\">\n\n\t\t\t\t\t\t<\/div>\n\t\t\t\t\t\t\t\t<div class=\"elementor-field-type-text elementor-field-group elementor-column elementor-field-group-name elementor-col-100 elementor-field-required\">\n\t\t\t\t\t\t\t\t\t\t\t\t<label for=\"form-field-name\" class=\"elementor-field-label elementor-screen-only\">\n\t\t\t\t\t\t\t\tUnternehmen\t\t\t\t\t\t\t<\/label>\n\t\t\t\t\t\t\t\t\t\t\t\t\t\t<input size=\"1\" type=\"text\" name=\"form_fields[name]\" id=\"form-field-name\" class=\"elementor-field elementor-size-sm  elementor-field-textual\" placeholder=\"Unternehmen\" required=\"required\">\n\t\t\t\t\t\t\t\t\t\t\t<\/div>\n\t\t\t\t\t\t\t\t<div class=\"elementor-field-type-email elementor-field-group elementor-column elementor-field-group-email elementor-col-100 elementor-field-required\">\n\t\t\t\t\t\t\t\t\t\t\t\t<label for=\"form-field-email\" class=\"elementor-field-label elementor-screen-only\">\n\t\t\t\t\t\t\t\tEmail\t\t\t\t\t\t\t<\/label>\n\t\t\t\t\t\t\t\t\t\t\t\t\t\t<input size=\"1\" type=\"email\" name=\"form_fields[email]\" id=\"form-field-email\" class=\"elementor-field elementor-size-sm  elementor-field-textual\" placeholder=\"Email\" required=\"required\">\n\t\t\t\t\t\t\t\t\t\t\t<\/div>\n\t\t\t\t\t\t\t\t<div class=\"elementor-field-type-text elementor-field-group elementor-column elementor-field-group-field_434c216 elementor-col-100\">\n\t\t\t\t\t\t\t\t\t\t\t\t<label for=\"form-field-field_434c216\" class=\"elementor-field-label elementor-screen-only\">\n\t\t\t\t\t\t\t\tBestellnummer\t\t\t\t\t\t\t<\/label>\n\t\t\t\t\t\t\t\t\t\t\t\t\t\t<input size=\"1\" type=\"text\" name=\"form_fields[field_434c216]\" id=\"form-field-field_434c216\" class=\"elementor-field elementor-size-sm  elementor-field-textual\" placeholder=\"Geben Sie die Bestellnummer an\">\n\t\t\t\t\t\t\t\t\t\t\t<\/div>\n\t\t\t\t\t\t\t\t<div class=\"elementor-field-type-textarea elementor-field-group elementor-column elementor-field-group-message elementor-col-100\">\n\t\t\t\t\t\t\t\t\t\t\t\t<label for=\"form-field-message\" class=\"elementor-field-label elementor-screen-only\">\n\t\t\t\t\t\t\t\tNachricht\t\t\t\t\t\t\t<\/label>\n\t\t\t\t\t\t<textarea class=\"elementor-field-textual elementor-field  elementor-size-sm\" name=\"form_fields[message]\" id=\"form-field-message\" rows=\"4\" placeholder=\"Bitte geben Sie hier den Grund f\u00fcr die R\u00fcckgabe an\"><\/textarea>\t\t\t\t<\/div>\n\t\t\t\t\t\t\t\t<div class=\"elementor-field-type-acceptance elementor-field-group elementor-column elementor-field-group-field_ed0bb42 elementor-col-100 elementor-field-required\">\n\t\t\t\t\t\t\t\t\t\t\t\t<label for=\"form-field-field_ed0bb42\" class=\"elementor-field-label elementor-screen-only\">\n\t\t\t\t\t\t\t\tDatenschutz\t\t\t\t\t\t\t<\/label>\n\t\t\t\t\t\t\t\t<div class=\"elementor-field-subgroup\">\n\t\t\t<span class=\"elementor-field-option\">\n\t\t\t\t<input type=\"checkbox\" name=\"form_fields[field_ed0bb42]\" id=\"form-field-field_ed0bb42\" class=\"elementor-field elementor-size-sm  elementor-acceptance-field\" required=\"required\">\n\t\t\t\t<label for=\"form-field-field_ed0bb42\">Ich habe die Datenschutzerkl\u00e4rung gelesen und stimme der Speicherung meiner Daten in Ihrem Archiv in \u00dcbereinstimmung mit dem schweizerischen Datenschutzgesetz (DSG) zu.<\/label>\t\t\t<\/span>\n\t\t<\/div>\n\t\t\t\t\t\t<\/div>\n\t\t\t\t\t\t\t\t<div class=\"elementor-field-type-recaptcha_v3 elementor-field-group elementor-column elementor-field-group-field_9fd7df3 elementor-col-100 recaptcha_v3-inline\">\n\t\t\t\t\t<div class=\"elementor-field\" id=\"form-field-field_9fd7df3\"><div class=\"elementor-g-recaptcha\" data-sitekey=\"6Lej1DYrAAAAAOtGRTL0FwnpDhSfiJ0L_djBOMfs\" data-type=\"v3\" data-action=\"Form\" data-badge=\"inline\" data-size=\"invisible\"><\/div><\/div>\t\t\t\t<\/div>\n\t\t\t\t\t\t\t\t<div class=\"elementor-field-group elementor-column elementor-field-type-submit elementor-col-100 e-form__buttons\">\n\t\t\t\t\t<button class=\"elementor-button elementor-size-sm\" type=\"submit\">\n\t\t\t\t\t\t<span class=\"elementor-button-content-wrapper\">\n\t\t\t\t\t\t\t\t\t\t\t\t\t\t\t\t\t\t\t\t\t\t<span class=\"elementor-button-text\">Senden Sie<\/span>\n\t\t\t\t\t\t\t\t\t\t\t\t\t<\/span>\n\t\t\t\t\t<\/button>\n\t\t\t\t<\/div>\n\t\t\t<\/div>\n\t\t<\/form>\n\t\t\t\t\t\t<\/div>\n\t\t\t\t<\/div>\n\t\t\t\t\t<\/div>\n\t\t<\/div>\n\t\t\t\t\t<\/div>\n\t\t<\/section>\n\t\t\t\t<\/div>\n\t\t","protected":false},"excerpt":{"rendered":"<p>R\u00fccksendeformular Wenn Sie ein bei Beauty Project gekauftes Produkt zur\u00fcckgeben m\u00f6chten, f\u00fcllen Sie bitte das untenstehende R\u00fcckgabeformular aus. Unser Ziel ist es, Ihre Zufriedenheit zu garantieren und das R\u00fcckgabeverfahren so einfach wie m\u00f6glich zu gestalten. Fristen f\u00fcr die R\u00fcckgabe Die R\u00fcckgabe muss innerhalb von 7 Werktagen nach Erhalt des Produkts beantragt werden. Die Produkte m\u00fcssen [&hellip;]<\/p>\n","protected":false},"author":2,"featured_media":0,"parent":0,"menu_order":0,"comment_status":"closed","ping_status":"closed","template":"elementor_header_footer","meta":{"_acf_changed":false,"_seopress_robots_primary_cat":"","_seopress_titles_title":"","_seopress_titles_desc":"","_seopress_robots_index":"","footnotes":""},"class_list":["post-5204","page","type-page","status-publish","hentry"],"acf":[],"jetpack_sharing_enabled":true,"_links":{"self":[{"href":"https:\/\/beautyproject.ch\/de\/wp-json\/wp\/v2\/pages\/5204","targetHints":{"allow":["GET"]}}],"collection":[{"href":"https:\/\/beautyproject.ch\/de\/wp-json\/wp\/v2\/pages"}],"about":[{"href":"https:\/\/beautyproject.ch\/de\/wp-json\/wp\/v2\/types\/page"}],"author":[{"embeddable":true,"href":"https:\/\/beautyproject.ch\/de\/wp-json\/wp\/v2\/users\/2"}],"replies":[{"embeddable":true,"href":"https:\/\/beautyproject.ch\/de\/wp-json\/wp\/v2\/comments?post=5204"}],"version-history":[{"count":1,"href":"https:\/\/beautyproject.ch\/de\/wp-json\/wp\/v2\/pages\/5204\/revisions"}],"predecessor-version":[{"id":5205,"href":"https:\/\/beautyproject.ch\/de\/wp-json\/wp\/v2\/pages\/5204\/revisions\/5205"}],"wp:attachment":[{"href":"https:\/\/beautyproject.ch\/de\/wp-json\/wp\/v2\/media?parent=5204"}],"curies":[{"name":"wp","href":"https:\/\/api.w.org\/{rel}","templated":true}]}}